{"id":11283,"date":"2023-10-07T18:47:03","date_gmt":"2023-10-07T16:47:03","guid":{"rendered":"https:\/\/inbai-consulting.com\/?page_id=11283"},"modified":"2024-07-11T23:29:56","modified_gmt":"2024-07-11T21:29:56","slug":"impressum","status":"publish","type":"page","link":"https:\/\/inbai-consulting.com\/?page_id=11283","title":{"rendered":"Impressum"},"content":{"rendered":"\t\t<div data-elementor-type=\"wp-page\" data-elementor-id=\"11283\" class=\"elementor elementor-11283\">\n\t\t\t\t\t\t<section class=\"elementor-section elementor-top-section elementor-element elementor-element-7a233c63 elementor-section-boxed elementor-section-height-default elementor-section-height-default qodef-elementor-content-no\" data-id=\"7a233c63\" data-element_type=\"section\" data-e-type=\"section\">\n\t\t\t\t\t\t<div class=\"elementor-container elementor-column-gap-default\">\n\t\t\t\t\t<div class=\"elementor-column elementor-col-100 elementor-top-column elementor-element elementor-element-58f58d31 qodef-gradient-background-column--no\" data-id=\"58f58d31\" data-element_type=\"column\" data-e-type=\"column\">\n\t\t\t<div class=\"elementor-widget-wrap elementor-element-populated\">\n\t\t\t\t\t\t<div class=\"elementor-element elementor-element-4926a8b6 elementor-widget elementor-widget-text-editor\" data-id=\"4926a8b6\" data-element_type=\"widget\" data-e-type=\"widget\" data-widget_type=\"text-editor.default\">\n\t\t\t\t<div class=\"elementor-widget-container\">\n\t\t\t\t\t\t\t\t\t<h1>Impressum<\/h1>\t\t\t\t\t\t\t\t<\/div>\n\t\t\t\t<\/div>\n\t\t\t\t\t<\/div>\n\t\t<\/div>\n\t\t\t\t\t<\/div>\n\t\t<\/section>\n\t\t\t\t<section class=\"elementor-section elementor-top-section elementor-element elementor-element-6633ba9 elementor-section-boxed elementor-section-height-default elementor-section-height-default qodef-elementor-content-no\" data-id=\"6633ba9\" data-element_type=\"section\" data-e-type=\"section\">\n\t\t\t\t\t\t<div class=\"elementor-container elementor-column-gap-default\">\n\t\t\t\t\t<div class=\"elementor-column elementor-col-100 elementor-top-column elementor-element elementor-element-8fb5399 qodef-gradient-background-column--no\" data-id=\"8fb5399\" data-element_type=\"column\" data-e-type=\"column\">\n\t\t\t<div class=\"elementor-widget-wrap elementor-element-populated\">\n\t\t\t\t\t\t<div class=\"elementor-element elementor-element-776105e elementor-widget elementor-widget-text-editor\" data-id=\"776105e\" data-element_type=\"widget\" data-e-type=\"widget\" data-widget_type=\"text-editor.default\">\n\t\t\t\t<div class=\"elementor-widget-container\">\n\t\t\t\t\t\t\t\t\t\n<p class=\"has-large-font-size\">Angaben gem. \u00a7 5 TMG:<\/p>\n\n<p>Inbai GmbH<br \/>\u00d6rtzweg 27a<br \/>22307 Hamburg<\/p>\n\n<p>Handelsregister: HRB 177167 Registergericht: Amtsgericht Hamburg<br \/>Vertreten durch: Gesch\u00e4ftsf\u00fchrer Sorosch Adamiat<\/p>\n\n<p style=\"font-size: 30px;\">Kontakt<\/p>\n\n<p>E-Mail: <a href=\"mailto:Service@Inbai-consulting.com\">service@Inbai-consulting.com<\/a><\/p>\n\n<p style=\"font-size: 30px;\">Umsatzsteuer<\/p>\n\n<p>Umsatzsteuer-Identifikationsnummer gem\u00e4\u00df \u00a7 27 a Umsatzsteuergesetz: DE356338404<\/p>\n\n<p style=\"font-size: 30px;\">Hinweis auf EU-Streitschlichtung<\/p>\n\n<p>Die europ\u00e4ische Kommission stellt eine Plattform zur Online-Streitbeilegung (OS) bereit: <a href=\"http:\/\/ec.europa.eu\/consumers\/odr\">http:\/\/ec.europa.eu\/consumers\/odr<\/a><\/p>\n\n<p style=\"font-size: 30px;\">Haftung f\u00fcr Inhalte<\/p>\n\n<p>Als Dienstleister sind wir gem\u00e4\u00df \u00a7 7 Abs. 1 des deutschen Telemediengesetzes (TMG) f\u00fcr unsere eigenen Inhalte auf dieser Website nach allgemeinem Recht verantwortlich. Gem\u00e4\u00df den \u00a7\u00a7 8 bis 10 des TMG sind wir jedoch als Dienstleister nicht verpflichtet, \u00fcbermittelte oder gespeicherte Informationen Dritter zu \u00fcberwachen oder nach Umst\u00e4nden zu forschen, die auf rechtswidrige T\u00e4tigkeiten hinweisen. Verpflichtungen zur Entfernung oder Sperrung der Nutzung von Informationen nach allgemeinem Recht bleiben hiervon unber\u00fchrt. Die Haftung in diesem Zusammenhang besteht jedoch erst ab dem Zeitpunkt, zu dem wir von einer konkreten Rechtsverletzung Kenntnis erlangen. Werden uns solche Verletzungen bekannt, entfernen wir die betreffenden Inhalte umgehend.<\/p>\n\n<p style=\"font-size: 30px;\">Haftung f\u00fcr Links<\/p>\n\n<p>Unsere Website enth\u00e4lt Links zu externen Websites von Drittanbietern, auf deren Inhalt wir keinen Einfluss haben. Daher k\u00f6nnen wir keine Haftung f\u00fcr diesen Drittanbieterinhalt \u00fcbernehmen. Die jeweiligen Anbieter oder Betreiber der verlinkten Seiten sind stets f\u00fcr diesen Inhalt verantwortlich. Die verlinkten Seiten wurden zum Zeitpunkt der Erstellung der Links auf m\u00f6gliche rechtliche Verst\u00f6\u00dfe \u00fcberpr\u00fcft. Zum Zeitpunkt der Linksetzung waren keine illegalen Inhalte erkennbar. Es ist jedoch nicht praktikabel, den Inhalt der verlinkten Seiten kontinuierlich ohne konkreten Hinweis auf rechtliche Verst\u00f6\u00dfe zu \u00fcberwachen. Wenn uns rechtliche Verst\u00f6\u00dfe bekannt werden, werden wir die entsprechenden Links umgehend entfernen.<\/p>\n\n<p style=\"font-size: 30px;\">Urheberrecht<\/p>\n\n<p>Die Inhalte und Werke auf dieser Website, die vom Website-Betreiber erstellt wurden, unterliegen dem deutschen Urheberrecht. Die Vervielf\u00e4ltigung, Bearbeitung, Verbreitung und jede Art der Verwertung au\u00dferhalb der Grenzen des Urheberrechts bed\u00fcrfen der schriftlichen Zustimmung des jeweiligen Autors oder Erstellers. Downloads oder Kopien dieser Seite sind nur f\u00fcr den pers\u00f6nlichen, nicht kommerziellen Gebrauch gestattet. Hinsichtlich der Inhalte auf dieser Seite, die nicht vom Betreiber erstellt wurden, werden die Urheberrechte Dritter beachtet. Insbesondere werden Inhalte Dritter als solche gekennzeichnet. Sollten Sie dennoch auf eine Urheberrechtsverletzung aufmerksam werden, informieren Sie uns bitte entsprechend. Bei Kenntnis von Rechtsverletzungen werden wir die betreffenden Inhalte umgehend entfernen.<\/p>\n\t\t\t\t\t\t\t\t<\/div>\n\t\t\t\t<\/div>\n\t\t\t\t\t<\/div>\n\t\t<\/div>\n\t\t\t\t\t<\/div>\n\t\t<\/section>\n\t\t\t\t<\/div>\n\t\t","protected":false},"excerpt":{"rendered":"<p>Impressum Angaben gem. \u00a7 5 TMG: Inbai GmbH\u00d6rtzweg 27a22307 Hamburg Handelsregister: HRB 177167 Registergericht: Amtsgericht HamburgVertreten durch: Gesch\u00e4ftsf\u00fchrer Sorosch Adamiat Kontakt E-Mail: service@Inbai-consulting.com Umsatzsteuer Umsatzsteuer-Identifikationsnummer gem\u00e4\u00df \u00a7 27 a Umsatzsteuergesetz: DE356338404 Hinweis auf EU-Streitschlichtung Die europ\u00e4ische Kommission stellt eine Plattform zur Online-Streitbeilegung (OS) bereit: http:\/\/ec.europa.eu\/consumers\/odr Haftung f\u00fcr Inhalte Als Dienstleister sind wir gem\u00e4\u00df \u00a7 7 [&hellip;]<\/p>\n","protected":false},"author":1,"featured_media":0,"parent":0,"menu_order":0,"comment_status":"closed","ping_status":"closed","template":"","meta":{"footnotes":""},"class_list":["post-11283","page","type-page","status-publish","hentry"],"aioseo_notices":[],"_links":{"self":[{"href":"https:\/\/inbai-consulting.com\/index.php?rest_route=\/wp\/v2\/pages\/11283","targetHints":{"allow":["GET"]}}],"collection":[{"href":"https:\/\/inbai-consulting.com\/index.php?rest_route=\/wp\/v2\/pages"}],"about":[{"href":"https:\/\/inbai-consulting.com\/index.php?rest_route=\/wp\/v2\/types\/page"}],"author":[{"embeddable":true,"href":"https:\/\/inbai-consulting.com\/index.php?rest_route=\/wp\/v2\/users\/1"}],"replies":[{"embeddable":true,"href":"https:\/\/inbai-consulting.com\/index.php?rest_route=%2Fwp%2Fv2%2Fcomments&post=11283"}],"version-history":[{"count":11,"href":"https:\/\/inbai-consulting.com\/index.php?rest_route=\/wp\/v2\/pages\/11283\/revisions"}],"predecessor-version":[{"id":12120,"href":"https:\/\/inbai-consulting.com\/index.php?rest_route=\/wp\/v2\/pages\/11283\/revisions\/12120"}],"wp:attachment":[{"href":"https:\/\/inbai-consulting.com\/index.php?rest_route=%2Fwp%2Fv2%2Fmedia&parent=11283"}],"curies":[{"name":"wp","href":"https:\/\/api.w.org\/{rel}","templated":true}]}}