{"id":4040,"date":"2021-11-29T17:18:22","date_gmt":"2021-11-29T17:18:22","guid":{"rendered":"https:\/\/deon.qodeinteractive.com\/?page_id=4040"},"modified":"2024-10-27T18:50:56","modified_gmt":"2024-10-27T17:50:56","slug":"about-us","status":"publish","type":"page","link":"https:\/\/inbai-consulting.com\/?page_id=4040","title":{"rendered":"\u00dcber Uns"},"content":{"rendered":"\t\t<div data-elementor-type=\"wp-page\" data-elementor-id=\"4040\" class=\"elementor elementor-4040\">\n\t\t\t\t\t\t<section class=\"elementor-section elementor-top-section elementor-element elementor-element-57759e8 elementor-section-full_width qodef-elementor-content-grid qodef-extended-grid qodef-extended-grid--left elementor-section-height-default elementor-section-height-default\" data-id=\"57759e8\" data-element_type=\"section\" data-e-type=\"section\">\n\t\t\t\t\t\t<div class=\"elementor-container elementor-column-gap-no\">\n\t\t\t\t\t<div class=\"elementor-column elementor-col-50 elementor-top-column elementor-element elementor-element-d85b46c qodef-gradient-background-column--no\" data-id=\"d85b46c\" data-element_type=\"column\" data-e-type=\"column\">\n\t\t\t<div class=\"elementor-widget-wrap elementor-element-populated\">\n\t\t\t\t\t\t<div class=\"elementor-element elementor-element-424a5e9 elementor-widget elementor-widget-deon_core_single_image\" data-id=\"424a5e9\" data-element_type=\"widget\" data-e-type=\"widget\" data-widget_type=\"deon_core_single_image.default\">\n\t\t\t\t<div class=\"elementor-widget-container\">\n\t\t\t\t\t<div class=\"qodef-shortcode qodef-m  qodef-single-image qodef-layout--default   \" >\n\t\t<div class=\"qodef-m-image \">\n\t\t\t\t\t<img fetchpriority=\"high\" decoding=\"async\" width=\"2560\" height=\"1707\" src=\"https:\/\/inbai-consulting.com\/wp-content\/uploads\/2023\/08\/pexels-cottonbro-studio-6804071-scaled.jpg\" class=\"attachment-full size-full\" alt=\"\" srcset=\"https:\/\/inbai-consulting.com\/wp-content\/uploads\/2023\/08\/pexels-cottonbro-studio-6804071-scaled.jpg 2560w, https:\/\/inbai-consulting.com\/wp-content\/uploads\/2023\/08\/pexels-cottonbro-studio-6804071-300x200.jpg 300w, https:\/\/inbai-consulting.com\/wp-content\/uploads\/2023\/08\/pexels-cottonbro-studio-6804071-1024x683.jpg 1024w, https:\/\/inbai-consulting.com\/wp-content\/uploads\/2023\/08\/pexels-cottonbro-studio-6804071-768x512.jpg 768w, https:\/\/inbai-consulting.com\/wp-content\/uploads\/2023\/08\/pexels-cottonbro-studio-6804071-1536x1024.jpg 1536w, https:\/\/inbai-consulting.com\/wp-content\/uploads\/2023\/08\/pexels-cottonbro-studio-6804071-2048x1365.jpg 2048w, https:\/\/inbai-consulting.com\/wp-content\/uploads\/2023\/08\/pexels-cottonbro-studio-6804071-600x400.jpg 600w\" sizes=\"(max-width: 2560px) 100vw, 2560px\" \/>\t\t\t<\/div>\n<\/div>\n\t\t\t\t<\/div>\n\t\t\t\t<\/div>\n\t\t\t\t\t<\/div>\n\t\t<\/div>\n\t\t\t\t<div class=\"elementor-column elementor-col-50 elementor-top-column elementor-element elementor-element-d22810b qodef-gradient-background-column--no\" data-id=\"d22810b\" data-element_type=\"column\" data-e-type=\"column\">\n\t\t\t<div class=\"elementor-widget-wrap elementor-element-populated\">\n\t\t\t\t\t\t<div class=\"elementor-element elementor-element-40f19e0 elementor-widget elementor-widget-deon_core_section_title\" data-id=\"40f19e0\" data-element_type=\"widget\" data-e-type=\"widget\" data-widget_type=\"deon_core_section_title.default\">\n\t\t\t\t<div class=\"elementor-widget-container\">\n\t\t\t\t\t<div class=\"qodef-shortcode qodef-m  qodef-section-title qodef-alignment--left  \">\n\t\t<p class=\"qodef-m-subtitle\" >Wer wir sind<\/p>\n\t\t<h3 class=\"qodef-m-title\" style=\"margin-top:10px;\">\n\t\t\t\t\tInbai<br \/> GmbH\t\t\t<\/h3>\n\t\t<div class=\"qodef-m-section-text\" ><p>Wir sind kein gew\u00f6hnliches Technologieunternehmen - wir sind ein leidenschaftliches Team von IT-Enthusiasten, die Ihr Gesch\u00e4ftspotenzial revolutionieren wollen. Als wachsendes Unternehmen mit einer Vision liegt unsere Expertise in Cloud-L\u00f6sungen und unsere Senior Consultants bringen praktische Erfahrungen aus Branchen wie der Automobilindustrie, der Versicherungswirtschaft, der Logistik und dar\u00fcber hinaus mit.<br \/>Mit pers\u00f6nlicher Betreuung und zukunftsweisenden Strategien wollen wir Ihren Erfolg im digitalen Zeitalter vorantreiben. Lassen Sie uns diese transformative Reise gemeinsam antreten und das volle Potenzial Ihres Unternehmens freisetzen!<\/p><\/div>\n\t\t<\/div>\n\t\t\t\t<\/div>\n\t\t\t\t<\/div>\n\t\t\t\t\t<\/div>\n\t\t<\/div>\n\t\t\t\t\t<\/div>\n\t\t<\/section>\n\t\t\t\t<section class=\"elementor-section elementor-top-section elementor-element elementor-element-b65c732 elementor-section-full_width qodef-elementor-content-grid elementor-section-height-default elementor-section-height-default\" data-id=\"b65c732\" data-element_type=\"section\" data-e-type=\"section\">\n\t\t\t\t\t\t<div class=\"elementor-container elementor-column-gap-default\">\n\t\t\t\t\t<div class=\"elementor-column elementor-col-33 elementor-top-column elementor-element elementor-element-a00481e qodef-gradient-background-column--no\" data-id=\"a00481e\" data-element_type=\"column\" data-e-type=\"column\">\n\t\t\t<div class=\"elementor-widget-wrap elementor-element-populated\">\n\t\t\t\t\t\t<div class=\"elementor-element elementor-element-e10b75e elementor-widget elementor-widget-deon_core_numbered_text\" data-id=\"e10b75e\" data-element_type=\"widget\" data-e-type=\"widget\" data-widget_type=\"deon_core_numbered_text.default\">\n\t\t\t\t<div class=\"elementor-widget-container\">\n\t\t\t\t\t<div class=\"qodef-shortcode qodef-m  qodef-numbered-text qodef-alignment--left \">\n\t\t<p class=\"qodef-m-number\" >01<\/p>\n\t\t<h4 class=\"qodef-m-title\" >\n\t\t\t\t\tKundenorientierter Ansatz\t\t\t<\/h4>\n\t\t<p class=\"qodef-m-description\" >Erleben Sie einen kundenorientierten Ansatz, der Ihre individuellen Bed\u00fcrfnisse versteht und ma\u00dfgeschneiderte IT-Beratung und Softwarel\u00f6sungen liefert, die Ihr Unternehmen voranbringen.<\/p>\n\t<\/div>\n\t\t\t\t<\/div>\n\t\t\t\t<\/div>\n\t\t\t\t\t<\/div>\n\t\t<\/div>\n\t\t\t\t<div class=\"elementor-column elementor-col-33 elementor-top-column elementor-element elementor-element-24c12ac qodef-gradient-background-column--no\" data-id=\"24c12ac\" data-element_type=\"column\" data-e-type=\"column\">\n\t\t\t<div class=\"elementor-widget-wrap elementor-element-populated\">\n\t\t\t\t\t\t<div class=\"elementor-element elementor-element-83b8988 elementor-widget elementor-widget-deon_core_numbered_text\" data-id=\"83b8988\" data-element_type=\"widget\" data-e-type=\"widget\" data-widget_type=\"deon_core_numbered_text.default\">\n\t\t\t\t<div class=\"elementor-widget-container\">\n\t\t\t\t\t<div class=\"qodef-shortcode qodef-m  qodef-numbered-text qodef-alignment--left \">\n\t\t<p class=\"qodef-m-number\" >02<\/p>\n\t\t<h4 class=\"qodef-m-title\" >\n\t\t\t\t\tVertrauen Sie unserem Fachwissen\t\t\t<\/h4>\n\t\t<p class=\"qodef-m-description\" >Vertrauen Sie unserem Team erfahrener Experten, um Ihre schwierigsten technologischen Herausforderungen zu meistern und ma\u00dfgeschneiderte L\u00f6sungen zu liefern, die Ihr Unternehmen wachsen lassen.<\/p>\n\t<\/div>\n\t\t\t\t<\/div>\n\t\t\t\t<\/div>\n\t\t\t\t\t<\/div>\n\t\t<\/div>\n\t\t\t\t<div class=\"elementor-column elementor-col-33 elementor-top-column elementor-element elementor-element-30711f2 qodef-gradient-background-column--no\" data-id=\"30711f2\" data-element_type=\"column\" data-e-type=\"column\">\n\t\t\t<div class=\"elementor-widget-wrap elementor-element-populated\">\n\t\t\t\t\t\t<div class=\"elementor-element elementor-element-fc92f49 elementor-widget elementor-widget-deon_core_numbered_text\" data-id=\"fc92f49\" data-element_type=\"widget\" data-e-type=\"widget\" data-widget_type=\"deon_core_numbered_text.default\">\n\t\t\t\t<div class=\"elementor-widget-container\">\n\t\t\t\t\t<div class=\"qodef-shortcode qodef-m  qodef-numbered-text qodef-alignment--left \">\n\t\t<p class=\"qodef-m-number\" >03<\/p>\n\t\t<h4 class=\"qodef-m-title\" >\n\t\t\t\t\tInnovative L\u00f6sungen\t\t\t<\/h4>\n\t\t<p class=\"qodef-m-description\" >Nutzen Sie modernste Technologien und vision\u00e4re L\u00f6sungen, die Ihre Unternehmenslandschaft neu definieren, Innovationen vorantreiben und es Ihnen erm\u00f6glichen, in der schnelllebigen digitalen Welt die Nase vorn zu haben.<\/p>\n\t<\/div>\n\t\t\t\t<\/div>\n\t\t\t\t<\/div>\n\t\t\t\t\t<\/div>\n\t\t<\/div>\n\t\t\t\t\t<\/div>\n\t\t<\/section>\n\t\t\t\t<section class=\"elementor-section elementor-top-section elementor-element elementor-element-9ddc82 elementor-section-full_width qodef-elementor-content-grid qodef-extended-grid qodef-extended-grid--right elementor-section-stretched elementor-section-height-default elementor-section-height-default\" data-id=\"9ddc82\" data-element_type=\"section\" data-e-type=\"section\" data-settings=\"{&quot;stretch_section&quot;:&quot;section-stretched&quot;}\">\n\t\t\t\t\t\t<div class=\"elementor-container elementor-column-gap-default\">\n\t\t\t\t\t<div class=\"elementor-column elementor-col-50 elementor-top-column elementor-element elementor-element-3d0f67de qodef-gradient-background-column--no\" data-id=\"3d0f67de\" data-element_type=\"column\" data-e-type=\"column\">\n\t\t\t<div class=\"elementor-widget-wrap elementor-element-populated\">\n\t\t\t\t\t\t<div class=\"elementor-element elementor-element-6ba7d129 elementor-widget elementor-widget-deon_core_section_title\" data-id=\"6ba7d129\" data-element_type=\"widget\" data-e-type=\"widget\" data-widget_type=\"deon_core_section_title.default\">\n\t\t\t\t<div class=\"elementor-widget-container\">\n\t\t\t\t\t<div class=\"qodef-shortcode qodef-m  qodef-section-title qodef-alignment--left  \">\n\t\t\t<h3 class=\"qodef-m-title\" style=\"margin-top:9px;\">\n\t\t\t\t\tDurch<br \/> Vertrauen gest\u00e4rkter<br \/> Erfolg\t\t\t<\/h3>\n\t\t\t<\/div>\n\t\t\t\t<\/div>\n\t\t\t\t<\/div>\n\t\t\t\t<div class=\"elementor-element elementor-element-a3a28af elementor-widget elementor-widget-deon_core_tabs\" data-id=\"a3a28af\" data-element_type=\"widget\" data-e-type=\"widget\" data-widget_type=\"deon_core_tabs.default\">\n\t\t\t\t<div class=\"elementor-widget-container\">\n\t\t\t\t\t<div class=\"qodef-shortcode qodef-m  qodef-tabs clear qodef-orientation--horizontal qodef-layout--simple\">\n\t<ul class=\"qodef-tabs-navigation\">\n\t\t\t\t\t<li>\n\t\t\t\t<a href=\"#qodef-tab-design\">Design<\/a>\n\t\t\t<\/li>\n\t\t\t\t\t<li>\n\t\t\t\t<a href=\"#qodef-tab-development\">Development<\/a>\n\t\t\t<\/li>\n\t\t\t\t\t<li>\n\t\t\t\t<a href=\"#qodef-tab-marketing\">Marketing<\/a>\n\t\t\t<\/li>\n\t\t\t<\/ul>\n\t<div class=\"qodef-tabs-content\" id=\"qodef-tab-design-267\">\n\t<p>In der Designphase konzentrieren wir uns auf die Entwicklung visuell \u00fcberzeugender und benutzerorientierter L\u00f6sungen, die mit Ihrer Markenidentit\u00e4t und Ihren Zielen \u00fcbereinstimmen. Unser Team von talentierten Entwicklern sorgt daf\u00fcr, dass jedes Detail sorgf\u00e4ltig ausgearbeitet wird, um eine nahtlose und ansprechende Benutzererfahrung zu bieten.<\/p><p>\u00a0<\/p><ul><li>Innovatives und modernes Design<\/li><li>Intuitive Benutzeroberfl\u00e4chen<\/li><li>Konsistentes Branding<\/li><li>Responsive Designs, die f\u00fcr verschiedene Ger\u00e4te optimiert sind<\/li><\/ul><\/div>\n<div class=\"qodef-tabs-content\" id=\"qodef-tab-development-772\">\n\t<p>In der Entwicklungsphase setzen unsere erfahrenen Entwickler Designkonzepte in voll funktionsf\u00e4hige und skalierbare L\u00f6sungen um. Wir halten uns an die besten Praktiken der Branche und verwenden die neuesten Technologien, um qualitativ hochwertige Software zu liefern, die Ihren spezifischen Anforderungen entspricht.<\/p><p>\u00a0<\/p><ul><li>Ma\u00dfgeschneiderte L\u00f6sungen<\/li><li>Robuste und zuverl\u00e4ssige Software-Architektur<\/li><li>Reibungslose Integration in bestehende Systeme und Tools von Drittanbietern<\/li><li>Tests und Qualit\u00e4tssicherung<\/li><\/ul><\/div>\n<div class=\"qodef-tabs-content\" id=\"qodef-tab-marketing-50\">\n\t<p>Unsere Marketingexperten \u00fcbernehmen die F\u00fchrung bei der Werbung f\u00fcr Ihr Projekt bei der richtigen Zielgruppe und nutzen datengest\u00fctzte Strategien, um Ihre Online-Pr\u00e4senz zu maximieren und wertvolle Leads zu generieren. Wir helfen Ihrem Projekt, an Fahrt zu gewinnen und messbare Ergebnisse zu erzielen.<\/p><p>\u00a0<\/p><ul><li>Gezielte Marketingkampagnen<\/li><li>Erh\u00f6hter Website-Traffic und Markenbekanntheit<\/li><li>Verbesserte Online-Pr\u00e4senz und Reputation<\/li><li>Messbare Ergebnisse durch Analytik und Berichterstattung<\/li><\/ul><\/div>\n<\/div>\n\t\t\t\t<\/div>\n\t\t\t\t<\/div>\n\t\t\t\t\t<\/div>\n\t\t<\/div>\n\t\t\t\t<div class=\"elementor-column elementor-col-50 elementor-top-column elementor-element elementor-element-1838463b qodef-gradient-background-column--no\" data-id=\"1838463b\" data-element_type=\"column\" data-e-type=\"column\">\n\t\t\t<div class=\"elementor-widget-wrap elementor-element-populated\">\n\t\t\t\t\t\t<div class=\"elementor-element elementor-element-28d82495 elementor-widget__width-initial elementor-widget-mobile__width-inherit elementor-widget elementor-widget-deon_core_single_image\" data-id=\"28d82495\" data-element_type=\"widget\" data-e-type=\"widget\" data-widget_type=\"deon_core_single_image.default\">\n\t\t\t\t<div class=\"elementor-widget-container\">\n\t\t\t\t\t<div class=\"qodef-shortcode qodef-m  qodef-single-image qodef-layout--default   \" >\n\t\t<div class=\"qodef-m-image \">\n\t\t\t\t\t<img decoding=\"async\" width=\"1055\" height=\"663\" src=\"https:\/\/inbai-consulting.com\/wp-content\/uploads\/2021\/11\/About-us-img-2.jpg\" class=\"attachment-full size-full\" alt=\"a\" srcset=\"https:\/\/inbai-consulting.com\/wp-content\/uploads\/2021\/11\/About-us-img-2.jpg 1055w, https:\/\/inbai-consulting.com\/wp-content\/uploads\/2021\/11\/About-us-img-2-600x377.jpg 600w, https:\/\/inbai-consulting.com\/wp-content\/uploads\/2021\/11\/About-us-img-2-300x189.jpg 300w, https:\/\/inbai-consulting.com\/wp-content\/uploads\/2021\/11\/About-us-img-2-1024x644.jpg 1024w, https:\/\/inbai-consulting.com\/wp-content\/uploads\/2021\/11\/About-us-img-2-768x483.jpg 768w\" sizes=\"(max-width: 1055px) 100vw, 1055px\" \/>\t\t\t<\/div>\n<\/div>\n\t\t\t\t<\/div>\n\t\t\t\t<\/div>\n\t\t\t\t\t<\/div>\n\t\t<\/div>\n\t\t\t\t\t<\/div>\n\t\t<\/section>\n\t\t\t\t<section class=\"elementor-section elementor-top-section elementor-element elementor-element-f258f3b elementor-section-full_width elementor-section-stretched elementor-section-height-default elementor-section-height-default qodef-elementor-content-no\" data-id=\"f258f3b\" data-element_type=\"section\" data-e-type=\"section\" data-settings=\"{&quot;stretch_section&quot;:&quot;section-stretched&quot;}\">\n\t\t\t\t\t\t<div class=\"elementor-container elementor-column-gap-no\">\n\t\t\t\t\t<div class=\"elementor-column elementor-col-50 elementor-top-column elementor-element elementor-element-afda545 qodef-gradient-background-column--light\" data-id=\"afda545\" data-element_type=\"column\" data-e-type=\"column\" data-settings=\"{&quot;background_background&quot;:&quot;classic&quot;}\">\n\t\t\t<div class=\"elementor-widget-wrap elementor-element-populated\">\n\t\t\t\t\t\t<section class=\"elementor-section elementor-inner-section elementor-element elementor-element-f5bf89e elementor-section-boxed elementor-section-height-default elementor-section-height-default qodef-elementor-content-no\" data-id=\"f5bf89e\" data-element_type=\"section\" data-e-type=\"section\">\n\t\t\t\t\t\t<div class=\"elementor-container elementor-column-gap-default\">\n\t\t\t\t\t<div class=\"elementor-column elementor-col-50 elementor-inner-column elementor-element elementor-element-679500e qodef-gradient-background-column--no\" data-id=\"679500e\" data-element_type=\"column\" data-e-type=\"column\">\n\t\t\t<div class=\"elementor-widget-wrap elementor-element-populated\">\n\t\t\t\t\t\t<div class=\"elementor-element elementor-element-4bb1484 elementor-widget elementor-widget-deon_core_section_title\" data-id=\"4bb1484\" data-element_type=\"widget\" data-e-type=\"widget\" data-widget_type=\"deon_core_section_title.default\">\n\t\t\t\t<div class=\"elementor-widget-container\">\n\t\t\t\t\t<div class=\"qodef-shortcode qodef-m  qodef-section-title qodef-alignment--left  \">\n\t\t\t<h3 class=\"qodef-m-title\" >\n\t\t\t\t\tWerden Sie Teil unseres Teams\t\t\t<\/h3>\n\t\t<div class=\"qodef-m-section-text\" style=\"margin-top: 19px\"><p>Wenn Sie bereit sind, sich auf eine Reise zu begeben, auf der Ihre Beitr\u00e4ge gesch\u00e4tzt werden und Ihre berufliche Entwicklung gef\u00f6rdert wird, m\u00f6chten wir von Ihnen h\u00f6ren!<\/p><\/div>\n\t\t<\/div>\n\t\t\t\t<\/div>\n\t\t\t\t<\/div>\n\t\t\t\t\t<\/div>\n\t\t<\/div>\n\t\t\t\t<div class=\"elementor-column elementor-col-50 elementor-inner-column elementor-element elementor-element-6dbd525 qodef-gradient-background-column--no\" data-id=\"6dbd525\" data-element_type=\"column\" data-e-type=\"column\">\n\t\t\t<div class=\"elementor-widget-wrap elementor-element-populated\">\n\t\t\t\t\t\t<div class=\"elementor-element elementor-element-57bc79a elementor-widget elementor-widget-html\" data-id=\"57bc79a\" data-element_type=\"widget\" data-e-type=\"widget\" data-widget_type=\"html.default\">\n\t\t\t\t<div class=\"elementor-widget-container\">\n\t\t\t\t\t<a href=\"https:\/\/inbai-consulting.com\/?page_id=2876\" class=\"qodef-circle-button\">\r\n<svg xmlns=\"http:\/\/www.w3.org\/2000\/svg\" xmlns:xlink=\"http:\/\/www.w3.org\/1999\/xlink\" x=\"0px\" y=\"0px\" width=\"90px\" height=\"90px\" viewBox=\"0 0 90 90\" enable-background=\"new 0 0 90 90\" xml:space=\"preserve\">\r\n<circle fill=\"none\" stroke=\"#C3C4F9\" stroke-width=\"2\" stroke-miterlimit=\"10\" cx=\"45.567\" cy=\"44.925\" r=\"42\"><\/circle>\r\n<g>\r\n\t<path d=\"M51.662,45.394L40.958,56.019l-1.016-0.938l10.235-10.156L40.021,34.769l0.938-0.938l10.704,10.625V45.394z\"><\/path>\r\n<\/g>\r\n<\/svg>\r\n<\/a>\t\t\t\t<\/div>\n\t\t\t\t<\/div>\n\t\t\t\t\t<\/div>\n\t\t<\/div>\n\t\t\t\t\t<\/div>\n\t\t<\/section>\n\t\t\t\t\t<\/div>\n\t\t<\/div>\n\t\t\t\t<div class=\"elementor-column elementor-col-50 elementor-top-column elementor-element elementor-element-69f23d4 qodef-gradient-background-column--no\" data-id=\"69f23d4\" data-element_type=\"column\" data-e-type=\"column\" data-settings=\"{&quot;background_background&quot;:&quot;classic&quot;}\">\n\t\t\t<div class=\"elementor-widget-wrap elementor-element-populated\">\n\t\t\t\t\t\t<section class=\"elementor-section elementor-inner-section elementor-element elementor-element-3c45cf7 elementor-section-boxed elementor-section-height-default elementor-section-height-default qodef-elementor-content-no\" data-id=\"3c45cf7\" data-element_type=\"section\" data-e-type=\"section\">\n\t\t\t\t\t\t<div class=\"elementor-container elementor-column-gap-default\">\n\t\t\t\t\t<div class=\"elementor-column elementor-col-50 elementor-inner-column elementor-element elementor-element-3423d91 qodef-gradient-background-column--no\" data-id=\"3423d91\" data-element_type=\"column\" data-e-type=\"column\">\n\t\t\t<div class=\"elementor-widget-wrap elementor-element-populated\">\n\t\t\t\t\t\t<div class=\"elementor-element elementor-element-b79f807 elementor-widget elementor-widget-deon_core_section_title\" data-id=\"b79f807\" data-element_type=\"widget\" data-e-type=\"widget\" data-widget_type=\"deon_core_section_title.default\">\n\t\t\t\t<div class=\"elementor-widget-container\">\n\t\t\t\t\t<div class=\"qodef-shortcode qodef-m  qodef-section-title qodef-alignment--left  \">\n\t\t\t<h3 class=\"qodef-m-title\" >\n\t\t\t\t\tUnser Newsletter\t\t\t<\/h3>\n\t\t<div class=\"qodef-m-section-text\" style=\"margin-top: 19px\"><p>Bei Inbai ist jedes Teammitglied ein Aush\u00e4ngeschild f\u00fcr unsere Grundwerte und verk\u00f6rpert eine Kultur, in der Software nicht einfach nur programmiert, sondern mit Leidenschaft, Integrit\u00e4t und einem unerm\u00fcdlichen Streben nach Spitzenleistungen entwickelt wird.<\/p><\/div>\n\t\t<\/div>\n\t\t\t\t<\/div>\n\t\t\t\t<\/div>\n\t\t\t\t\t<\/div>\n\t\t<\/div>\n\t\t\t\t<div class=\"elementor-column elementor-col-50 elementor-inner-column elementor-element elementor-element-f87c5d1 qodef-gradient-background-column--no\" data-id=\"f87c5d1\" data-element_type=\"column\" data-e-type=\"column\">\n\t\t\t<div class=\"elementor-widget-wrap elementor-element-populated\">\n\t\t\t\t\t\t<div class=\"elementor-element elementor-element-93aa0b3 elementor-widget elementor-widget-html\" data-id=\"93aa0b3\" data-element_type=\"widget\" data-e-type=\"widget\" data-widget_type=\"html.default\">\n\t\t\t\t<div class=\"elementor-widget-container\">\n\t\t\t\t\t<a href=\"https:\/\/inbai-consulting.com\/?page_id=3017\" class=\"qodef-circle-button\">\r\n<svg xmlns=\"http:\/\/www.w3.org\/2000\/svg\" xmlns:xlink=\"http:\/\/www.w3.org\/1999\/xlink\" x=\"0px\" y=\"0px\" width=\"90px\" height=\"90px\" viewBox=\"0 0 90 90\" enable-background=\"new 0 0 90 90\" xml:space=\"preserve\">\r\n<circle fill=\"none\" stroke=\"#C3C4F9\" stroke-width=\"2\" stroke-miterlimit=\"10\" cx=\"45.567\" cy=\"44.925\" r=\"42\"><\/circle>\r\n<g>\r\n\t<path d=\"M51.662,45.394L40.958,56.019l-1.016-0.938l10.235-10.156L40.021,34.769l0.938-0.938l10.704,10.625V45.394z\"><\/path>\r\n<\/g>\r\n<\/svg>\r\n<\/a>\t\t\t\t<\/div>\n\t\t\t\t<\/div>\n\t\t\t\t\t<\/div>\n\t\t<\/div>\n\t\t\t\t\t<\/div>\n\t\t<\/section>\n\t\t\t\t\t<\/div>\n\t\t<\/div>\n\t\t\t\t\t<\/div>\n\t\t<\/section>\n\t\t\t\t<\/div>\n\t\t","protected":false},"excerpt":{"rendered":"<p>Wer wir sind Inbai GmbH Wir sind kein gew\u00f6hnliches Technologieunternehmen &#8211; wir sind ein leidenschaftliches Team von IT-Enthusiasten, die Ihr Gesch\u00e4ftspotenzial revolutionieren wollen. Als wachsendes Unternehmen mit einer Vision liegt unsere Expertise in Cloud-L\u00f6sungen und unsere Senior Consultants bringen praktische Erfahrungen aus Branchen wie der Automobilindustrie, der Versicherungswirtschaft, der Logistik und dar\u00fcber hinaus mit.Mit pers\u00f6nlicher [&hellip;]<\/p>\n","protected":false},"author":1,"featured_media":0,"parent":0,"menu_order":0,"comment_status":"closed","ping_status":"closed","template":"","meta":{"footnotes":""},"class_list":["post-4040","page","type-page","status-publish","hentry"],"aioseo_notices":[],"_links":{"self":[{"href":"https:\/\/inbai-consulting.com\/index.php?rest_route=\/wp\/v2\/pages\/4040","targetHints":{"allow":["GET"]}}],"collection":[{"href":"https:\/\/inbai-consulting.com\/index.php?rest_route=\/wp\/v2\/pages"}],"about":[{"href":"https:\/\/inbai-consulting.com\/index.php?rest_route=\/wp\/v2\/types\/page"}],"author":[{"embeddable":true,"href":"https:\/\/inbai-consulting.com\/index.php?rest_route=\/wp\/v2\/users\/1"}],"replies":[{"embeddable":true,"href":"https:\/\/inbai-consulting.com\/index.php?rest_route=%2Fwp%2Fv2%2Fcomments&post=4040"}],"version-history":[{"count":35,"href":"https:\/\/inbai-consulting.com\/index.php?rest_route=\/wp\/v2\/pages\/4040\/revisions"}],"predecessor-version":[{"id":12242,"href":"https:\/\/inbai-consulting.com\/index.php?rest_route=\/wp\/v2\/pages\/4040\/revisions\/12242"}],"wp:attachment":[{"href":"https:\/\/inbai-consulting.com\/index.php?rest_route=%2Fwp%2Fv2%2Fmedia&parent=4040"}],"curies":[{"name":"wp","href":"https:\/\/api.w.org\/{rel}","templated":true}]}}