{"id":4228,"date":"2021-11-30T07:33:32","date_gmt":"2021-11-30T07:33:32","guid":{"rendered":"https:\/\/deon.qodeinteractive.com\/?page_id=4228"},"modified":"2024-10-27T17:15:16","modified_gmt":"2024-10-27T16:15:16","slug":"landing","status":"publish","type":"page","link":"https:\/\/inbai-consulting.com\/","title":{"rendered":"Landing"},"content":{"rendered":"\t\t<div data-elementor-type=\"wp-page\" data-elementor-id=\"4228\" class=\"elementor elementor-4228\">\n\t\t\t\t\t\t<section class=\"elementor-section elementor-top-section elementor-element elementor-element-aa31797 elementor-section-full_width elementor-section-height-default elementor-section-height-default qodef-elementor-content-no\" data-id=\"aa31797\" data-element_type=\"section\" data-e-type=\"section\">\n\t\t\t\t\t\t<div class=\"elementor-container elementor-column-gap-default\">\n\t\t\t\t\t<div class=\"elementor-column elementor-col-50 elementor-top-column elementor-element elementor-element-a8dcd1b qodef-gradient-background-column--no\" data-id=\"a8dcd1b\" data-element_type=\"column\" data-e-type=\"column\">\n\t\t\t<div class=\"elementor-widget-wrap elementor-element-populated\">\n\t\t\t\t\t\t<div class=\"elementor-element elementor-element-009e290 elementor-widget elementor-widget-deon_core_single_image\" data-id=\"009e290\" data-element_type=\"widget\" data-e-type=\"widget\" data-widget_type=\"deon_core_single_image.default\">\n\t\t\t\t<div class=\"elementor-widget-container\">\n\t\t\t\t\t<div class=\"qodef-shortcode qodef-m  qodef-single-image qodef-layout--default  qodef--retina \" >\n\t\t<div class=\"qodef-m-image \">\n\t\t\t\t\t\t\t\t\t<img decoding=\"async\" itemprop=\"image\" src=\"https:\/\/inbai-consulting.com\/wp-content\/uploads\/2023\/07\/Logo-Inbai.png\" width=\"389\" height=\"127\" alt=\"\" \/>\n\t\t\t\t\t\t\t<\/div>\n<\/div>\n\t\t\t\t<\/div>\n\t\t\t\t<\/div>\n\t\t\t\t\t<\/div>\n\t\t<\/div>\n\t\t\t\t<div class=\"elementor-column elementor-col-50 elementor-top-column elementor-element elementor-element-2d06bc5 qodef-gradient-background-column--no\" data-id=\"2d06bc5\" data-element_type=\"column\" data-e-type=\"column\">\n\t\t\t<div class=\"elementor-widget-wrap elementor-element-populated\">\n\t\t\t\t\t\t<div class=\"elementor-element elementor-element-d1f56c5 elementor-widget__width-auto elementor-widget-mobile__width-auto elementor-widget elementor-widget-deon_core_button\" data-id=\"d1f56c5\" data-element_type=\"widget\" data-e-type=\"widget\" data-widget_type=\"deon_core_button.default\">\n\t\t\t\t<div class=\"elementor-widget-container\">\n\t\t\t\t\t<a class=\"qodef-shortcode qodef-m  qodef-button qodef-layout--outlined   qodef-html--link\" href=\"https:\/\/inbai-consulting.com\/?page_id=1519\" target=\"_self\"  >\n\t<span class=\"qodef-m-text\">Home<\/span>\n<\/a>\n\t\t\t\t<\/div>\n\t\t\t\t<\/div>\n\t\t\t\t\t<\/div>\n\t\t<\/div>\n\t\t\t\t\t<\/div>\n\t\t<\/section>\n\t\t\t\t<section class=\"elementor-section elementor-top-section elementor-element elementor-element-8f0e63e elementor-section-full_width qodef-elementor-content-grid elementor-section-height-default elementor-section-height-default\" data-id=\"8f0e63e\" data-element_type=\"section\" data-e-type=\"section\">\n\t\t\t\t\t\t<div class=\"elementor-container elementor-column-gap-default\">\n\t\t\t\t\t<div class=\"elementor-column elementor-col-100 elementor-top-column elementor-element elementor-element-d436f96 qodef-gradient-background-column--no\" data-id=\"d436f96\" data-element_type=\"column\" data-e-type=\"column\">\n\t\t\t<div class=\"elementor-widget-wrap elementor-element-populated\">\n\t\t\t\t\t\t<div class=\"elementor-element elementor-element-35ee94d elementor-widget__width-initial elementor-widget-mobile__width-inherit elementor-widget elementor-widget-deon_core_section_title\" data-id=\"35ee94d\" data-element_type=\"widget\" data-e-type=\"widget\" data-widget_type=\"deon_core_section_title.default\">\n\t\t\t\t<div class=\"elementor-widget-container\">\n\t\t\t\t\t<div class=\"qodef-shortcode qodef-m  qodef-section-title qodef-alignment--left  qodef--has-appear\">\n\t\t\t<h1 class=\"qodef-m-title\" style=\"font-size: 80px\">\n\t\t\t\t\tZukunftsf\u00e4hige IT-Infrastrukturen\t\t\t<\/h1>\n\t\t<div class=\"qodef-m-section-text\" ><div class=\"cmp-video-hero__content-wrap\"><div class=\"text ui-animate ui-animate--up ui-animate--d3 ui-animate--play\"><div id=\"text-a357eba2d2\" class=\"cmp-text\"><p>Wir sind Ihr Partner f\u00fcr eine IT-Infrastruktur, die mit DevOps und Site Reliability Engineering Effizienz steigert, Ausf\u00e4lle minimiert und Wachstum f\u00f6rdert. Von der Automatisierung bis zur Skalierung Ihrer Systeme \u2013 wir unterst\u00fctzen Sie dabei, eine zukunftsf\u00e4hige IT-Architektur zu schaffen.<\/p><\/div><\/div><\/div><\/div>\n\t\t<\/div>\n\t\t\t\t<\/div>\n\t\t\t\t<\/div>\n\t\t\t\t\t<\/div>\n\t\t<\/div>\n\t\t\t\t\t<\/div>\n\t\t<\/section>\n\t\t\t\t<section class=\"elementor-section elementor-top-section elementor-element elementor-element-07f379c elementor-section-full_width qodef-elementor-content-grid elementor-section-height-default elementor-section-height-default\" data-id=\"07f379c\" data-element_type=\"section\" data-e-type=\"section\">\n\t\t\t\t\t\t<div class=\"elementor-container elementor-column-gap-default\">\n\t\t\t\t\t<div class=\"elementor-column elementor-col-100 elementor-top-column elementor-element elementor-element-ce5e9bf qodef-gradient-background-column--no\" data-id=\"ce5e9bf\" data-element_type=\"column\" data-e-type=\"column\">\n\t\t\t<div class=\"elementor-widget-wrap elementor-element-populated\">\n\t\t\t\t\t\t<div class=\"elementor-element elementor-element-96bdeab elementor-widget elementor-widget-deon_core_workflow\" data-id=\"96bdeab\" data-element_type=\"widget\" data-e-type=\"widget\" data-widget_type=\"deon_core_workflow.default\">\n\t\t\t\t<div class=\"elementor-widget-container\">\n\t\t\t\t\t<div class=\"qodef-shortcode qodef-m  qodef-workflow qodef-workflow-animate qodef-layout--two-images\">\n\t<span class=\"main-line\"><\/span>\n\n\t\t\t<div class=\"qodef-workflow-item\">\n\t\t\t<span class=\"line\" ><\/span>\n\t\t\t\t\t\t<div class=\"qodef-workflow-item-inner \">\n\t\t\t\t\n\t\t\t\t<div class=\"qodef-workflow-image\">\n\t\t\t\t\t <span class=\"qodef-year\">\n\t\t\t\t\t\t01\t\t\t\t\t<\/span>\n\t\t\t\t\t<div class=\"qodef-workflow-image-inner\">\n\t\t\t\t\t\t\t\t\t\t\t\t\t<div class=\"qodef-workflow-overlay-holder\">\n\t\t\t\t\t\t\t\t<a class=\"qodef-workflow-overlay\" href=\"https:\/\/inbai-consulting.com\/?page_id=1519\" target=\"_blank\">\n\t\t\t\t\t\t\t\t\t<h4>Home<\/h4>\n\t\t\t\t\t\t\t\t<\/a>\n\t\t\t\t\t\t\t\t<img fetchpriority=\"high\" decoding=\"async\" width=\"580\" height=\"323\" src=\"https:\/\/inbai-consulting.com\/wp-content\/uploads\/2023\/08\/Component-2-3.png\" class=\"attachment-full size-full\" alt=\"\" srcset=\"https:\/\/inbai-consulting.com\/wp-content\/uploads\/2023\/08\/Component-2-3.png 580w, https:\/\/inbai-consulting.com\/wp-content\/uploads\/2023\/08\/Component-2-3-300x167.png 300w\" sizes=\"(max-width: 580px) 100vw, 580px\" \/>\t\t\t\t\t\t\t<\/div>\n\t\t\t\t\t\t\t\t\t\t\t\t<\/div>\n\t\t\t\t<\/div>\n\t\t\t\t<div class=\"qodef-workflow-second-image\">\n\t\t\t\t\t <span class=\"qodef-year\">\n\t\t\t\t\t\t02\t\t\t\t\t<\/span>\n\t\t\t\t\t<div class=\"qodef-workflow-second-image-inner\">\n\t\t\t\t\t\t\t\t\t\t\t\t\t<div class=\"qodef-workflow-overlay-holder\">\n\t\t\t\t\t\t\t\t<a class=\"qodef-workflow-overlay\" href=\"https:\/\/inbai-consulting.com\/?page_id=1019\" target=\"_blank\">\n\t\t\t\t\t\t\t\t\t<h4>Services<\/h4>\n\t\t\t\t\t\t\t\t<\/a>\n\t\t\t\t\t\t\t\t<img decoding=\"async\" width=\"580\" height=\"323\" src=\"https:\/\/inbai-consulting.com\/wp-content\/uploads\/2023\/08\/Screenshot-2023-08-06-at-18.58.43-1.png\" class=\"attachment-full size-full\" alt=\"\" srcset=\"https:\/\/inbai-consulting.com\/wp-content\/uploads\/2023\/08\/Screenshot-2023-08-06-at-18.58.43-1.png 580w, https:\/\/inbai-consulting.com\/wp-content\/uploads\/2023\/08\/Screenshot-2023-08-06-at-18.58.43-1-300x167.png 300w\" sizes=\"(max-width: 580px) 100vw, 580px\" \/>\n\t\t\t\t\t\t\t<\/div>\n\t\t\t\t\t\t\t\t\t\t\t\t<\/div>\n\t\t\t\t<\/div>\n\t\t\t<\/div>\n\t\t<\/div>\n\t\t\t\t<div class=\"qodef-workflow-item\">\n\t\t\t<span class=\"line\" ><\/span>\n\t\t\t\t\t\t<div class=\"qodef-workflow-item-inner \">\n\t\t\t\t\n\t\t\t\t<div class=\"qodef-workflow-image\">\n\t\t\t\t\t <span class=\"qodef-year\">\n\t\t\t\t\t\t03\t\t\t\t\t<\/span>\n\t\t\t\t\t<div class=\"qodef-workflow-image-inner\">\n\t\t\t\t\t\t\t\t\t\t\t\t\t<div class=\"qodef-workflow-overlay-holder\">\n\t\t\t\t\t\t\t\t<a class=\"qodef-workflow-overlay\" href=\"https:\/\/inbai-consulting.com\/?page_id=3017\" target=\"_blank\">\n\t\t\t\t\t\t\t\t\t<h4>Portfolio<\/h4>\n\t\t\t\t\t\t\t\t<\/a>\n\t\t\t\t\t\t\t\t<img loading=\"lazy\" decoding=\"async\" width=\"580\" height=\"323\" src=\"https:\/\/inbai-consulting.com\/wp-content\/uploads\/2023\/10\/Component-1-3.png\" class=\"attachment-full size-full\" alt=\"\" srcset=\"https:\/\/inbai-consulting.com\/wp-content\/uploads\/2023\/10\/Component-1-3.png 580w, https:\/\/inbai-consulting.com\/wp-content\/uploads\/2023\/10\/Component-1-3-300x167.png 300w\" sizes=\"(max-width: 580px) 100vw, 580px\" \/>\t\t\t\t\t\t\t<\/div>\n\t\t\t\t\t\t\t\t\t\t\t\t<\/div>\n\t\t\t\t<\/div>\n\t\t\t\t<div class=\"qodef-workflow-second-image\">\n\t\t\t\t\t <span class=\"qodef-year\">\n\t\t\t\t\t\t04\t\t\t\t\t<\/span>\n\t\t\t\t\t<div class=\"qodef-workflow-second-image-inner\">\n\t\t\t\t\t\t\t\t\t\t\t\t\t<div class=\"qodef-workflow-overlay-holder\">\n\t\t\t\t\t\t\t\t<a class=\"qodef-workflow-overlay\" href=\"https:\/\/inbai-consulting.com\/?page_id=4040\" target=\"_blank\">\n\t\t\t\t\t\t\t\t\t<h4>About Us<\/h4>\n\t\t\t\t\t\t\t\t<\/a>\n\t\t\t\t\t\t\t\t<img loading=\"lazy\" decoding=\"async\" width=\"580\" height=\"323\" src=\"https:\/\/inbai-consulting.com\/wp-content\/uploads\/2023\/10\/Component-1-4.png\" class=\"attachment-full size-full\" alt=\"\" srcset=\"https:\/\/inbai-consulting.com\/wp-content\/uploads\/2023\/10\/Component-1-4.png 580w, https:\/\/inbai-consulting.com\/wp-content\/uploads\/2023\/10\/Component-1-4-300x167.png 300w\" sizes=\"(max-width: 580px) 100vw, 580px\" \/>\n\t\t\t\t\t\t\t<\/div>\n\t\t\t\t\t\t\t\t\t\t\t\t<\/div>\n\t\t\t\t<\/div>\n\t\t\t<\/div>\n\t\t<\/div>\n\t\t<\/div>\n\t\t\t\t<\/div>\n\t\t\t\t<\/div>\n\t\t\t\t\t<\/div>\n\t\t<\/div>\n\t\t\t\t\t<\/div>\n\t\t<\/section>\n\t\t\t\t<section class=\"elementor-section elementor-top-section elementor-element elementor-element-bc1b511 elementor-section-full_width qodef-elementor-content-grid qodef-extended-grid qodef-extended-grid--right elementor-section-height-default elementor-section-height-default\" data-id=\"bc1b511\" data-element_type=\"section\" data-e-type=\"section\" data-settings=\"{&quot;background_background&quot;:&quot;classic&quot;}\">\n\t\t\t\t\t\t<div class=\"elementor-container elementor-column-gap-default\">\n\t\t\t\t\t<div class=\"elementor-column elementor-col-50 elementor-top-column elementor-element elementor-element-25cc4ac qodef-gradient-background-column--no\" data-id=\"25cc4ac\" data-element_type=\"column\" data-e-type=\"column\">\n\t\t\t<div class=\"elementor-widget-wrap elementor-element-populated\">\n\t\t\t\t\t\t<div class=\"elementor-element elementor-element-ac3da1a elementor-widget__width-initial elementor-widget-tablet__width-inherit elementor-widget elementor-widget-deon_core_section_title\" data-id=\"ac3da1a\" data-element_type=\"widget\" data-e-type=\"widget\" data-widget_type=\"deon_core_section_title.default\">\n\t\t\t\t<div class=\"elementor-widget-container\">\n\t\t\t\t\t<div class=\"qodef-shortcode qodef-m  qodef-section-title qodef-alignment--left  qodef--has-appear\">\n\t\t<p class=\"qodef-m-subtitle\" >TechTrend<\/p>\n\t\t<h3 class=\"qodef-m-title\" >\n\t\t\t\t\t<a itemprop=\"url\" href=\"https:\/\/inbai-consulting.com\/?page_id=1019\" target=\"_self\">\n\t\t\t\t\tInnovation f\u00fcr jede Branche\t\t\t\t\t<\/a>\n\t\t\t<\/h3>\n\t\t<div class=\"qodef-m-section-text\" ><p>Mit unseren ausgew\u00e4hlten Blog-Inhalten tauchen Sie ein in die Schnittstelle zwischen Technologie und Industrie. Von den neuesten Durchbr\u00fcchen in der k\u00fcnstlichen Intelligenz bis hin zu den bahnbrechenden Innovationen im Gesundheitswesen<\/p><\/div>\n\t\t\t\t<div class=\"qodef-m-button\">\n\t\t\t<a class=\"qodef-shortcode qodef-m  qodef-button qodef-layout--outlined   qodef-html--link\" href=\"https:\/\/inbai-consulting.com\/?page_id=1019\" target=\"_self\"  >\t<span class=\"qodef-m-text\">Mehr<\/span><\/a>\t\t<\/div>\n\t<\/div>\n\t\t\t\t<\/div>\n\t\t\t\t<\/div>\n\t\t\t\t\t<\/div>\n\t\t<\/div>\n\t\t\t\t<div class=\"elementor-column elementor-col-50 elementor-top-column elementor-element elementor-element-b464865 qodef-gradient-background-column--no\" data-id=\"b464865\" data-element_type=\"column\" data-e-type=\"column\">\n\t\t\t<div class=\"elementor-widget-wrap elementor-element-populated\">\n\t\t\t\t\t\t<div class=\"elementor-element elementor-element-e79af2e elementor-widget elementor-widget-deon_core_stacked_images\" data-id=\"e79af2e\" data-element_type=\"widget\" data-e-type=\"widget\" data-widget_type=\"deon_core_stacked_images.default\">\n\t\t\t\t<div class=\"elementor-widget-container\">\n\t\t\t\t\t<div class=\"qodef-shortcode qodef-m  qodef-stacked-images qodef-layout--default\">\n\t<div class=\"qodef-m-images\">\n\t\t\t\t\t<div class=\"qodef-m-image qodef-parallax-item\">\n\t\t\t\t<img loading=\"lazy\" decoding=\"async\" width=\"1488\" height=\"783\" src=\"https:\/\/inbai-consulting.com\/wp-content\/uploads\/2023\/10\/Bildschirm\u00adfoto-2023-10-11-um-15.00.29-1.png\" class=\"attachment-full size-full\" alt=\"\" srcset=\"https:\/\/inbai-consulting.com\/wp-content\/uploads\/2023\/10\/Bildschirm\u00adfoto-2023-10-11-um-15.00.29-1.png 1488w, https:\/\/inbai-consulting.com\/wp-content\/uploads\/2023\/10\/Bildschirm\u00adfoto-2023-10-11-um-15.00.29-1-300x158.png 300w, https:\/\/inbai-consulting.com\/wp-content\/uploads\/2023\/10\/Bildschirm\u00adfoto-2023-10-11-um-15.00.29-1-1024x539.png 1024w, https:\/\/inbai-consulting.com\/wp-content\/uploads\/2023\/10\/Bildschirm\u00adfoto-2023-10-11-um-15.00.29-1-768x404.png 768w, https:\/\/inbai-consulting.com\/wp-content\/uploads\/2023\/10\/Bildschirm\u00adfoto-2023-10-11-um-15.00.29-1-600x316.png 600w\" sizes=\"(max-width: 1488px) 100vw, 1488px\" \/>\t\t\t<\/div>\n\t\t\t\t\t\t\t\t<div class=\"qodef-m-image qodef-parallax-item\" style=\"top:45%; right:35%; text-align:right\">\n\t\t\t\t\t<img loading=\"lazy\" decoding=\"async\" src=\"https:\/\/inbai-consulting.com\/wp-content\/uploads\/2023\/10\/Bildschirm\u00adfoto-2023-10-11-um-15.02.10-614x345.png\" alt=\"\" width=\"614\" height=\"345\" data-ratio=\"1.7797101449275\" \/>\t\t\t\t<\/div>\n\t\t\t\t<\/div>\n<\/div>\n\t\t\t\t<\/div>\n\t\t\t\t<\/div>\n\t\t\t\t\t<\/div>\n\t\t<\/div>\n\t\t\t\t\t<\/div>\n\t\t<\/section>\n\t\t\t\t<section class=\"elementor-section elementor-top-section elementor-element elementor-element-3cbc919 elementor-section-full_width qodef-elementor-content-grid qodef-extended-grid qodef-extended-grid--left elementor-reverse-tablet elementor-reverse-mobile elementor-section-height-default elementor-section-height-default\" data-id=\"3cbc919\" data-element_type=\"section\" data-e-type=\"section\">\n\t\t\t\t\t\t<div class=\"elementor-container elementor-column-gap-default\">\n\t\t\t\t\t<div class=\"elementor-column elementor-col-50 elementor-top-column elementor-element elementor-element-a2d28ea qodef-gradient-background-column--no\" data-id=\"a2d28ea\" data-element_type=\"column\" data-e-type=\"column\">\n\t\t\t<div class=\"elementor-widget-wrap elementor-element-populated\">\n\t\t\t\t\t\t<div class=\"elementor-element elementor-element-e648724 elementor-widget elementor-widget-slider_revolution\" data-id=\"e648724\" data-element_type=\"widget\" data-e-type=\"widget\" data-widget_type=\"slider_revolution.default\">\n\t\t\t\t<div class=\"elementor-widget-container\">\n\t\t\t\t\t\r\n\t\t<div class=\"wp-block-themepunch-revslider\">\n\t\t\t<!-- START Landing iPad iPhone section REVOLUTION SLIDER 6.6.14 --><p class=\"rs-p-wp-fix\"><\/p>\n\t\t\t<rs-module-wrap id=\"rev_slider_7_1_wrapper\" data-source=\"gallery\" style=\"visibility:hidden;background:transparent;padding:0;margin:0px auto;margin-top:0;margin-bottom:0;\">\n\t\t\t\t<rs-module id=\"rev_slider_7_1\" style=\"\" data-version=\"6.6.14\">\n\t\t\t\t\t<rs-slides style=\"overflow: hidden; position: absolute;\">\n\t\t\t\t\t\t<rs-slide style=\"position: absolute;\" data-key=\"rs-9\" data-title=\"Slide\" data-in=\"o:0;\" data-out=\"a:false;\">\n\t\t\t\t\t\t\t<img decoding=\"async\" src=\"\/\/inbai-consulting.com\/wp-content\/plugins\/revslider\/public\/assets\/assets\/dummy.png\" alt=\"Slide\" title=\"Landing\" class=\"rev-slidebg tp-rs-img rs-lazyload\" data-lazyload=\"\/\/inbai-consulting.com\/wp-content\/plugins\/revslider\/public\/assets\/assets\/transparent.png\" data-no-retina>\n<!--\n\t\t\t\t\t\t\t--><rs-layer\n\t\t\t\t\t\t\t\tid=\"slider-7-slide-9-layer-0\" \n\t\t\t\t\t\t\t\tdata-type=\"image\"\n\t\t\t\t\t\t\t\tdata-xy=\"x:l,l,l,c;xo:0,0,0,-80px;y:m;yo:-15px,-15px,-1px,-6px;\"\n\t\t\t\t\t\t\t\tdata-text=\"w:normal;s:20,16,12,7;l:0,20,15,9;\"\n\t\t\t\t\t\t\t\tdata-dim=\"w:727px,549px,458px,421px;h:794px,600px,500px,460px;\"\n\t\t\t\t\t\t\t\tdata-basealign=\"slide\"\n\t\t\t\t\t\t\t\tdata-rsp_o=\"off\"\n\t\t\t\t\t\t\t\tdata-rsp_bd=\"off\"\n\t\t\t\t\t\t\t\tdata-frame_0=\"sX:0.9;sY:0.9;\"\n\t\t\t\t\t\t\t\tdata-frame_1=\"e:power2.inOut;sp:1000;\"\n\t\t\t\t\t\t\t\tdata-frame_999=\"o:0;st:w;\"\n\t\t\t\t\t\t\t\tstyle=\"z-index:5;\"\n\t\t\t\t\t\t\t><img loading=\"lazy\" decoding=\"async\" src=\"\/\/inbai-consulting.com\/wp-content\/plugins\/revslider\/public\/assets\/assets\/dummy.png\" alt=\"q\" class=\"tp-rs-img rs-lazyload\" width=\"727\" height=\"794\" data-lazyload=\"\/\/inbaiconsultingw-5cxltt6u6a.live-website.com\/wp-content\/uploads\/2021\/11\/Landing-rev-section-img1.png\" data-no-retina> \n\t\t\t\t\t\t\t<\/rs-layer><!--\n\n\t\t\t\t\t\t\t--><rs-layer\n\t\t\t\t\t\t\t\tid=\"slider-7-slide-9-layer-1\" \n\t\t\t\t\t\t\t\tdata-type=\"image\"\n\t\t\t\t\t\t\t\tdata-xy=\"x:c;xo:30px,30px,0,0;y:m;yo:-15px,-15px,-1px,-1px;\"\n\t\t\t\t\t\t\t\tdata-text=\"w:normal;s:20,16,12,7;l:0,20,15,9;\"\n\t\t\t\t\t\t\t\tdata-dim=\"w:789px,589px,561px,561px;h:605px,452px,430px,430px;\"\n\t\t\t\t\t\t\t\tdata-vbility=\"t,t,t,f\"\n\t\t\t\t\t\t\t\tdata-basealign=\"slide\"\n\t\t\t\t\t\t\t\tdata-rsp_o=\"off\"\n\t\t\t\t\t\t\t\tdata-rsp_bd=\"off\"\n\t\t\t\t\t\t\t\tdata-frame_0=\"y:50;\"\n\t\t\t\t\t\t\t\tdata-frame_1=\"st:100;sp:1000;\"\n\t\t\t\t\t\t\t\tdata-frame_999=\"o:0;st:w;\"\n\t\t\t\t\t\t\t\tstyle=\"z-index:5;\"\n\t\t\t\t\t\t\t><img loading=\"lazy\" decoding=\"async\" src=\"\/\/inbai-consulting.com\/wp-content\/plugins\/revslider\/public\/assets\/assets\/dummy.png\" alt=\"\" class=\"tp-rs-img rs-lazyload\" width=\"789\" height=\"605\" data-lazyload=\"\/\/inbai-consulting.com\/wp-content\/uploads\/2024\/02\/Chat-with-your-documents.png\" data-no-retina> \n\t\t\t\t\t\t\t<\/rs-layer><!--\n-->\t\t\t\t\t\t<\/rs-slide>\n\t\t\t\t\t<\/rs-slides>\n\t\t\t\t<\/rs-module>\n\t\t\t\t<script>\n\t\t\t\t\tsetREVStartSize({c: 'rev_slider_7_1',rl:[1240,1024,778,480],el:[852,768,580,550],gw:[1100,1024,778,300],gh:[852,768,600,550],type:'hero',justify:'',layout:'fullwidth',mh:\"0\"});if (window.RS_MODULES!==undefined && window.RS_MODULES.modules!==undefined && window.RS_MODULES.modules[\"revslider71\"]!==undefined) {window.RS_MODULES.modules[\"revslider71\"].once = false;window.revapi7 = undefined;if (window.RS_MODULES.checkMinimal!==undefined) window.RS_MODULES.checkMinimal()}\n\t\t\t\t<\/script>\n\t\t\t<\/rs-module-wrap>\n\t\t\t<!-- END REVOLUTION SLIDER -->\n<\/div>\r\n\r\n\t\t\t\t\t\t<\/div>\n\t\t\t\t<\/div>\n\t\t\t\t\t<\/div>\n\t\t<\/div>\n\t\t\t\t<div class=\"elementor-column elementor-col-50 elementor-top-column elementor-element elementor-element-616db1f qodef-gradient-background-column--no\" data-id=\"616db1f\" data-element_type=\"column\" data-e-type=\"column\">\n\t\t\t<div class=\"elementor-widget-wrap elementor-element-populated\">\n\t\t\t\t\t\t<div class=\"elementor-element elementor-element-fc0204f elementor-widget__width-initial elementor-widget-tablet__width-inherit elementor-widget elementor-widget-deon_core_section_title\" data-id=\"fc0204f\" data-element_type=\"widget\" data-e-type=\"widget\" data-widget_type=\"deon_core_section_title.default\">\n\t\t\t\t<div class=\"elementor-widget-container\">\n\t\t\t\t\t<div class=\"qodef-shortcode qodef-m  qodef-section-title qodef-alignment--left  \">\n\t\t<p class=\"qodef-m-subtitle\" >Dialoggesteuerte Suche<\/p>\n\t\t<h2 class=\"qodef-m-title\" style=\"background-image: -webkit-linear-gradient(45deg,#5cc3ee 0%, #5d91ef 29%, #5e5ef0 50%, #947be1 73%, #ca97d2 100%);-webkit-background-clip: text; -webkit-text-fill-color: transparent;\">\n\t\t\t\t\t<a itemprop=\"url\" href=\"https:\/\/inbai-consulting.com\/?page_id=1609\" target=\"_self\">\n\t\t\t\t\tIntelligenter Assistent f\u00fcr Compliance\t\t\t\t\t<\/a>\n\t\t\t<\/h2>\n\t\t\t\t\t<div class=\"qodef-m-button\">\n\t\t\t<a class=\"qodef-shortcode qodef-m  qodef-button qodef-layout--outlined   qodef-html--link\" href=\"https:\/\/inbai-consulting.com\/?page_id=1609\" target=\"_self\"  >\t<span class=\"qodef-m-text\">Mehr<\/span><\/a>\t\t<\/div>\n\t<\/div>\n\t\t\t\t<\/div>\n\t\t\t\t<\/div>\n\t\t\t\t\t<\/div>\n\t\t<\/div>\n\t\t\t\t\t<\/div>\n\t\t<\/section>\n\t\t\t\t<section class=\"elementor-section elementor-top-section elementor-element elementor-element-c9de07a elementor-section-full_width elementor-section-height-default elementor-section-height-default qodef-elementor-content-no\" data-id=\"c9de07a\" data-element_type=\"section\" data-e-type=\"section\">\n\t\t\t\t\t\t<div class=\"elementor-container elementor-column-gap-default\">\n\t\t\t\t\t<div class=\"elementor-column elementor-col-100 elementor-top-column elementor-element elementor-element-1a5631a qodef-gradient-background-column--dark\" data-id=\"1a5631a\" data-element_type=\"column\" data-e-type=\"column\">\n\t\t\t<div class=\"elementor-widget-wrap elementor-element-populated\">\n\t\t\t\t\t\t<div class=\"elementor-element elementor-element-4a3639e elementor-widget elementor-widget-spacer\" data-id=\"4a3639e\" data-element_type=\"widget\" data-e-type=\"widget\" data-widget_type=\"spacer.default\">\n\t\t\t\t<div class=\"elementor-widget-container\">\n\t\t\t\t\t\t\t<div class=\"elementor-spacer\">\n\t\t\t<div class=\"elementor-spacer-inner\"><\/div>\n\t\t<\/div>\n\t\t\t\t\t\t<\/div>\n\t\t\t\t<\/div>\n\t\t\t\t<div class=\"elementor-element elementor-element-42f7d32 elementor-absolute elementor-widget-mobile__width-initial elementor-widget elementor-widget-deon_core_section_title\" data-id=\"42f7d32\" data-element_type=\"widget\" data-e-type=\"widget\" id=\"soon\" data-settings=\"{&quot;_position&quot;:&quot;absolute&quot;}\" data-widget_type=\"deon_core_section_title.default\">\n\t\t\t\t<div class=\"elementor-widget-container\">\n\t\t\t\t\t<div class=\"qodef-shortcode qodef-m  qodef-section-title qodef-alignment--center  qodef--has-appear\">\n\t\t<p class=\"qodef-m-subtitle\" style=\"color: #FFFFFF\">Das ist Inbai<\/p>\n\t\t<h2 class=\"qodef-m-title\" style=\"color: #FFFFFF;margin-top:20px;\">\n\t\t\t\t\t<a itemprop=\"url\" href=\"https:\/\/inbai-consulting.com\/?page_id=4154\" target=\"_blank\">\n\t\t\t\t\tGemeinsam digitale Barrieren \u00fcberwinden<br \/>\t\t\t\t\t<\/a>\n\t\t\t<\/h2>\n\t\t\t\t\t<div class=\"qodef-m-button\">\n\t\t\t<a class=\"qodef-shortcode qodef-m  qodef-button qodef-layout--outlined  qodef-skin--light qodef-html--link\" href=\"https:\/\/inbai-consulting.com\/?page_id=4154\" target=\"_blank\"  >\t<span class=\"qodef-m-text\">Kontakt<\/span><\/a>\t\t<\/div>\n\t<\/div>\n\t\t\t\t<\/div>\n\t\t\t\t<\/div>\n\t\t\t\t\t<\/div>\n\t\t<\/div>\n\t\t\t\t\t<\/div>\n\t\t<\/section>\n\t\t\t\t<\/div>\n\t\t","protected":false},"excerpt":{"rendered":"<p>Home Zukunftsf\u00e4hige IT-Infrastrukturen Wir sind Ihr Partner f\u00fcr eine IT-Infrastruktur, die mit DevOps und Site Reliability Engineering Effizienz steigert, Ausf\u00e4lle minimiert und Wachstum f\u00f6rdert. Von der Automatisierung bis zur Skalierung Ihrer Systeme \u2013 wir unterst\u00fctzen Sie dabei, eine zukunftsf\u00e4hige IT-Architektur zu schaffen. 01 Home 02 Services 03 Portfolio 04 About Us TechTrend Innovation f\u00fcr jede [&hellip;]<\/p>\n","protected":false},"author":1,"featured_media":0,"parent":0,"menu_order":0,"comment_status":"closed","ping_status":"closed","template":"page-blank-template.php","meta":{"footnotes":""},"class_list":["post-4228","page","type-page","status-publish","hentry"],"aioseo_notices":[],"_links":{"self":[{"href":"https:\/\/inbai-consulting.com\/index.php?rest_route=\/wp\/v2\/pages\/4228","targetHints":{"allow":["GET"]}}],"collection":[{"href":"https:\/\/inbai-consulting.com\/index.php?rest_route=\/wp\/v2\/pages"}],"about":[{"href":"https:\/\/inbai-consulting.com\/index.php?rest_route=\/wp\/v2\/types\/page"}],"author":[{"embeddable":true,"href":"https:\/\/inbai-consulting.com\/index.php?rest_route=\/wp\/v2\/users\/1"}],"replies":[{"embeddable":true,"href":"https:\/\/inbai-consulting.com\/index.php?rest_route=%2Fwp%2Fv2%2Fcomments&post=4228"}],"version-history":[{"count":134,"href":"https:\/\/inbai-consulting.com\/index.php?rest_route=\/wp\/v2\/pages\/4228\/revisions"}],"predecessor-version":[{"id":12146,"href":"https:\/\/inbai-consulting.com\/index.php?rest_route=\/wp\/v2\/pages\/4228\/revisions\/12146"}],"wp:attachment":[{"href":"https:\/\/inbai-consulting.com\/index.php?rest_route=%2Fwp%2Fv2%2Fmedia&parent=4228"}],"curies":[{"name":"wp","href":"https:\/\/api.w.org\/{rel}","templated":true}]}}