{"id":4482,"date":"2021-11-30T10:37:00","date_gmt":"2021-11-30T10:37:00","guid":{"rendered":"https:\/\/deon.qodeinteractive.com\/?page_id=4482"},"modified":"2024-10-27T18:54:10","modified_gmt":"2024-10-27T17:54:10","slug":"our-team","status":"publish","type":"page","link":"https:\/\/inbai-consulting.com\/?page_id=4482","title":{"rendered":"Our Team"},"content":{"rendered":"\t\t<div data-elementor-type=\"wp-page\" data-elementor-id=\"4482\" class=\"elementor elementor-4482\">\n\t\t\t\t\t\t<section class=\"elementor-section elementor-top-section elementor-element elementor-element-536e6b7 elementor-section-full_width qodef-elementor-content-grid elementor-section-height-default elementor-section-height-default\" data-id=\"536e6b7\" data-element_type=\"section\" data-e-type=\"section\">\n\t\t\t\t\t\t<div class=\"elementor-container elementor-column-gap-default\">\n\t\t\t\t\t<div class=\"elementor-column elementor-col-100 elementor-top-column elementor-element elementor-element-212c02f qodef-gradient-background-column--no\" data-id=\"212c02f\" data-element_type=\"column\" data-e-type=\"column\">\n\t\t\t<div class=\"elementor-widget-wrap elementor-element-populated\">\n\t\t\t\t\t\t<div class=\"elementor-element elementor-element-710de20 elementor-widget elementor-widget-deon_core_team_list\" data-id=\"710de20\" data-element_type=\"widget\" data-e-type=\"widget\" data-widget_type=\"deon_core_team_list.default\">\n\t\t\t\t<div class=\"elementor-widget-container\">\n\t\t\t\t\t<div class=\"qodef-shortcode qodef-m  qodef-team-list qodef-item-layout--socials-on-hover qodef-grid qodef-layout--columns  qodef-gutter--normal qodef-col-num--4 qodef-item-layout--socials-on-hover qodef--no-bottom-space qodef-pagination--off qodef-responsive--custom qodef-col-num--1440--3 qodef-col-num--1366--3 qodef-col-num--1024--3 qodef-col-num--768--2 qodef-col-num--680--2 qodef-col-num--480--2\" data-options=\"{&quot;plugin&quot;:&quot;deon_core&quot;,&quot;module&quot;:&quot;post-types\\\/team\\\/shortcodes&quot;,&quot;shortcode&quot;:&quot;team-list&quot;,&quot;post_type&quot;:&quot;team&quot;,&quot;next_page&quot;:&quot;2&quot;,&quot;max_pages_num&quot;:1,&quot;behavior&quot;:&quot;columns&quot;,&quot;images_proportion&quot;:&quot;medium&quot;,&quot;columns&quot;:&quot;4&quot;,&quot;columns_responsive&quot;:&quot;custom&quot;,&quot;columns_1440&quot;:&quot;3&quot;,&quot;columns_1366&quot;:&quot;3&quot;,&quot;columns_1024&quot;:&quot;3&quot;,&quot;columns_768&quot;:&quot;2&quot;,&quot;columns_680&quot;:&quot;2&quot;,&quot;columns_480&quot;:&quot;2&quot;,&quot;space&quot;:&quot;normal&quot;,&quot;posts_per_page&quot;:&quot;9&quot;,&quot;orderby&quot;:&quot;date&quot;,&quot;order&quot;:&quot;ASC&quot;,&quot;layout&quot;:&quot;socials-on-hover&quot;,&quot;title_tag&quot;:&quot;h6&quot;,&quot;pagination_type&quot;:&quot;no-pagination&quot;,&quot;object_class_name&quot;:&quot;DeonCore_Team_List_Shortcode&quot;,&quot;taxonomy_filter&quot;:&quot;team-category&quot;,&quot;additional_query_args&quot;:[],&quot;item_classes&quot;:&quot;qodef-e qodef-grid-item &quot;,&quot;space_value&quot;:15}\">\n\t\t<div class=\"qodef-grid-inner clear\">\n\t\t<div class=\"qodef-e qodef-grid-item  post-10847 team type-team status-publish has-post-thumbnail hentry team-category-inner\">\n\t<div class=\"qodef-e-inner\">\n\t\t<div class=\"qodef-e-image\">\n\t\t\t\t<div class=\"qodef-e-media-image\">\n\t\t\t\t\t<img fetchpriority=\"high\" decoding=\"async\" width=\"300\" height=\"300\" src=\"https:\/\/inbai-consulting.com\/wp-content\/uploads\/2023\/08\/Intersect-1-300x300.png\" class=\"attachment-medium size-medium wp-post-image\" alt=\"\" srcset=\"https:\/\/inbai-consulting.com\/wp-content\/uploads\/2023\/08\/Intersect-1-300x300.png 300w, https:\/\/inbai-consulting.com\/wp-content\/uploads\/2023\/08\/Intersect-1-150x150.png 150w, https:\/\/inbai-consulting.com\/wp-content\/uploads\/2023\/08\/Intersect-1-100x100.png 100w, https:\/\/inbai-consulting.com\/wp-content\/uploads\/2023\/08\/Intersect-1.png 460w\" sizes=\"(max-width: 300px) 100vw, 300px\" \/>\t\t\t<\/div>\n\t\t<\/div>\n\t\t<div class=\"qodef-e-content\">\n\t\t\t\t<div class=\"qodef-team-member-social-icons\">\n\t\t\t\t\t\t\t<a class=\"qodef-team-member-social-icon\" href=\"http:\/\/linkedin.com\/in\/sorosch-adamiat-b4bb6817a\"\n\t\t\t\t\t   target=\"_blank\">\n\t\t\t\t\t\tLinkedIn\t\t\t\t\t<\/a>\n\t\t\t\t\t\t<\/div>\n\t\t<\/div>\n\t<\/div>\n\t<div class=\"qodef-e-content\">\n\t\t<h6 itemprop=\"name\" class=\"qodef-e-title entry-title\" >\n\t\t\tSorosch Adamiat\t<\/h6>\n\t\t\t<p class=\"qodef-e-role\">Managing Director<\/p>\n\t\t\t<\/div>\n<\/div>\n<div class=\"qodef-e qodef-grid-item  post-10851 team type-team status-publish has-post-thumbnail hentry team-category-inner\">\n\t<div class=\"qodef-e-inner\">\n\t\t<div class=\"qodef-e-image\">\n\t\t\t\t<div class=\"qodef-e-media-image\">\n\t\t\t\t\t<img decoding=\"async\" width=\"300\" height=\"300\" src=\"https:\/\/inbai-consulting.com\/wp-content\/uploads\/2023\/08\/nazanin-circle-300x300.png\" class=\"attachment-medium size-medium wp-post-image\" alt=\"\" srcset=\"https:\/\/inbai-consulting.com\/wp-content\/uploads\/2023\/08\/nazanin-circle-300x300.png 300w, https:\/\/inbai-consulting.com\/wp-content\/uploads\/2023\/08\/nazanin-circle-150x150.png 150w, https:\/\/inbai-consulting.com\/wp-content\/uploads\/2023\/08\/nazanin-circle-100x100.png 100w, https:\/\/inbai-consulting.com\/wp-content\/uploads\/2023\/08\/nazanin-circle.png 550w\" sizes=\"(max-width: 300px) 100vw, 300px\" \/>\t\t\t<\/div>\n\t\t<\/div>\n\t\t<div class=\"qodef-e-content\">\n\t\t\t\t\t<\/div>\n\t<\/div>\n\t<div class=\"qodef-e-content\">\n\t\t<h6 itemprop=\"name\" class=\"qodef-e-title entry-title\" >\n\t\t\tNazanin Tafawogh\t<\/h6>\n\t\t\t<p class=\"qodef-e-role\">Client Manager<\/p>\n\t\t\t<\/div>\n<\/div>\n<div class=\"qodef-e qodef-grid-item  post-11906 team type-team status-publish has-post-thumbnail hentry team-category-partner\">\n\t<div class=\"qodef-e-inner\">\n\t\t<div class=\"qodef-e-image\">\n\t\t\t\t<div class=\"qodef-e-media-image\">\n\t\t\t\t\t<img decoding=\"async\" width=\"300\" height=\"300\" src=\"https:\/\/inbai-consulting.com\/wp-content\/uploads\/2023\/10\/Intersect-2-300x300.png\" class=\"attachment-medium size-medium wp-post-image\" alt=\"\" srcset=\"https:\/\/inbai-consulting.com\/wp-content\/uploads\/2023\/10\/Intersect-2-300x300.png 300w, https:\/\/inbai-consulting.com\/wp-content\/uploads\/2023\/10\/Intersect-2-150x150.png 150w, https:\/\/inbai-consulting.com\/wp-content\/uploads\/2023\/10\/Intersect-2-100x100.png 100w, https:\/\/inbai-consulting.com\/wp-content\/uploads\/2023\/10\/Intersect-2.png 460w\" sizes=\"(max-width: 300px) 100vw, 300px\" \/>\t\t\t<\/div>\n\t\t<\/div>\n\t\t<div class=\"qodef-e-content\">\n\t\t\t\t\t<\/div>\n\t<\/div>\n\t<div class=\"qodef-e-content\">\n\t\t<h6 itemprop=\"name\" class=\"qodef-e-title entry-title\" >\n\t\t\tRui Rebelo Brito\t<\/h6>\n\t\t\t<p class=\"qodef-e-role\">Partner | Fullstack Developer<\/p>\n\t\t\t<\/div>\n<\/div>\n<div class=\"qodef-e qodef-grid-item  post-11923 team type-team status-publish has-post-thumbnail hentry\">\n\t<div class=\"qodef-e-inner\">\n\t\t<div class=\"qodef-e-image\">\n\t\t\t\t<div class=\"qodef-e-media-image\">\n\t\t\t\t\t<img loading=\"lazy\" decoding=\"async\" width=\"300\" height=\"300\" src=\"https:\/\/inbai-consulting.com\/wp-content\/uploads\/2023\/11\/Intersect-2-300x300.png\" class=\"attachment-medium size-medium wp-post-image\" alt=\"\" srcset=\"https:\/\/inbai-consulting.com\/wp-content\/uploads\/2023\/11\/Intersect-2-300x300.png 300w, https:\/\/inbai-consulting.com\/wp-content\/uploads\/2023\/11\/Intersect-2-150x150.png 150w, https:\/\/inbai-consulting.com\/wp-content\/uploads\/2023\/11\/Intersect-2-100x100.png 100w, https:\/\/inbai-consulting.com\/wp-content\/uploads\/2023\/11\/Intersect-2.png 460w\" sizes=\"(max-width: 300px) 100vw, 300px\" \/>\t\t\t<\/div>\n\t\t<\/div>\n\t\t<div class=\"qodef-e-content\">\n\t\t\t\t\t<\/div>\n\t<\/div>\n\t<div class=\"qodef-e-content\">\n\t\t<h6 itemprop=\"name\" class=\"qodef-e-title entry-title\" >\n\t\t\tBurcu Yalcin\t<\/h6>\n\t\t\t<p class=\"qodef-e-role\">Human Resources<\/p>\n\t\t\t<\/div>\n<\/div>\n<div class=\"qodef-e qodef-grid-item  post-11882 team type-team status-publish has-post-thumbnail hentry team-category-it\">\n\t<div class=\"qodef-e-inner\">\n\t\t<div class=\"qodef-e-image\">\n\t\t\t\t<div class=\"qodef-e-media-image\">\n\t\t\t\t\t<img loading=\"lazy\" decoding=\"async\" width=\"300\" height=\"300\" src=\"https:\/\/inbai-consulting.com\/wp-content\/uploads\/2023\/10\/Intersect-300x300.png\" class=\"attachment-medium size-medium wp-post-image\" alt=\"\" srcset=\"https:\/\/inbai-consulting.com\/wp-content\/uploads\/2023\/10\/Intersect-300x300.png 300w, https:\/\/inbai-consulting.com\/wp-content\/uploads\/2023\/10\/Intersect-150x150.png 150w, https:\/\/inbai-consulting.com\/wp-content\/uploads\/2023\/10\/Intersect-100x100.png 100w, https:\/\/inbai-consulting.com\/wp-content\/uploads\/2023\/10\/Intersect.png 572w\" sizes=\"(max-width: 300px) 100vw, 300px\" \/>\t\t\t<\/div>\n\t\t<\/div>\n\t\t<div class=\"qodef-e-content\">\n\t\t\t\t\t<\/div>\n\t<\/div>\n\t<div class=\"qodef-e-content\">\n\t\t<h6 itemprop=\"name\" class=\"qodef-e-title entry-title\" >\n\t\t\tNavneet Shankar Gaunpot\t<\/h6>\n\t\t\t<p class=\"qodef-e-role\">Devops<\/p>\n\t\t\t<\/div>\n<\/div>\n\t<\/div>\n\t<\/div>\n\t\t\t\t<\/div>\n\t\t\t\t<\/div>\n\t\t\t\t\t<\/div>\n\t\t<\/div>\n\t\t\t\t\t<\/div>\n\t\t<\/section>\n\t\t\t\t<section class=\"elementor-section elementor-top-section elementor-element elementor-element-6b354d0 elementor-section-full_width qodef-elementor-content-grid elementor-section-height-min-height elementor-section-stretched elementor-section-height-default elementor-section-items-middle\" data-id=\"6b354d0\" data-element_type=\"section\" data-e-type=\"section\" data-settings=\"{&quot;stretch_section&quot;:&quot;section-stretched&quot;}\">\n\t\t\t\t\t\t<div class=\"elementor-container elementor-column-gap-default\">\n\t\t\t\t\t<div class=\"elementor-column elementor-col-100 elementor-top-column elementor-element elementor-element-b58b7a8 qodef-gradient-background-column--no\" data-id=\"b58b7a8\" data-element_type=\"column\" data-e-type=\"column\">\n\t\t\t<div class=\"elementor-widget-wrap elementor-element-populated\">\n\t\t\t\t\t\t<div class=\"elementor-element elementor-element-d02d3c1 elementor-widget__width-initial elementor-widget elementor-widget-deon_core_section_title\" data-id=\"d02d3c1\" data-element_type=\"widget\" data-e-type=\"widget\" data-widget_type=\"deon_core_section_title.default\">\n\t\t\t\t<div class=\"elementor-widget-container\">\n\t\t\t\t\t<div class=\"qodef-shortcode qodef-m  qodef-section-title qodef-alignment--center  qodef--has-appear\">\n\t\t\t<h2 class=\"qodef-m-title\" style=\"color: #FFFFFF;background-image: -webkit-linear-gradient(45deg,#5CC3EE 0%, #5D91EF 29%, #5E5EF0 50%, #947BE1 73%, #CA97D2 100%);-webkit-background-clip: text; -webkit-text-fill-color: transparent;;margin-top:-3px;\">\n\t\t\t\t\t<a itemprop=\"url\" href=\"https:\/\/inbai-consulting.com\/?page_id=4154\" target=\"_self\">\n\t\t\t\t\tWerden Sie Mitglied in unserem Team von Innovatoren\t\t\t\t\t<\/a>\n\t\t\t<\/h2>\n\t\t\t\t\t<div class=\"qodef-m-button\">\n\t\t\t<a class=\"qodef-shortcode qodef-m  qodef-button qodef-layout--outlined   qodef-html--link\" href=\"https:\/\/inbai-consulting.com\/?page_id=4154\" target=\"_self\"  >\t<span class=\"qodef-m-text\">Kontakt<\/span><\/a>\t\t<\/div>\n\t<\/div>\n\t\t\t\t<\/div>\n\t\t\t\t<\/div>\n\t\t\t\t\t<\/div>\n\t\t<\/div>\n\t\t\t\t\t<\/div>\n\t\t<\/section>\n\t\t\t\t<section class=\"elementor-section elementor-top-section elementor-element elementor-element-c46dbc9 elementor-section-full_width elementor-section-stretched elementor-section-height-default elementor-section-height-default qodef-elementor-content-no\" data-id=\"c46dbc9\" data-element_type=\"section\" data-e-type=\"section\" data-settings=\"{&quot;stretch_section&quot;:&quot;section-stretched&quot;}\">\n\t\t\t\t\t\t<div class=\"elementor-container elementor-column-gap-no\">\n\t\t\t\t\t<div class=\"elementor-column elementor-col-50 elementor-top-column elementor-element elementor-element-2dd5d88 qodef-gradient-background-column--light\" data-id=\"2dd5d88\" data-element_type=\"column\" data-e-type=\"column\" data-settings=\"{&quot;background_background&quot;:&quot;classic&quot;}\">\n\t\t\t<div class=\"elementor-widget-wrap elementor-element-populated\">\n\t\t\t\t\t\t<section class=\"elementor-section elementor-inner-section elementor-element elementor-element-b6403a7 elementor-section-boxed elementor-section-height-default elementor-section-height-default qodef-elementor-content-no\" data-id=\"b6403a7\" data-element_type=\"section\" data-e-type=\"section\">\n\t\t\t\t\t\t<div class=\"elementor-container elementor-column-gap-default\">\n\t\t\t\t\t<div class=\"elementor-column elementor-col-50 elementor-inner-column elementor-element elementor-element-ddd1afc qodef-gradient-background-column--no\" data-id=\"ddd1afc\" data-element_type=\"column\" data-e-type=\"column\">\n\t\t\t<div class=\"elementor-widget-wrap elementor-element-populated\">\n\t\t\t\t\t\t<div class=\"elementor-element elementor-element-b5f2444 elementor-widget elementor-widget-deon_core_section_title\" data-id=\"b5f2444\" data-element_type=\"widget\" data-e-type=\"widget\" data-widget_type=\"deon_core_section_title.default\">\n\t\t\t\t<div class=\"elementor-widget-container\">\n\t\t\t\t\t<div class=\"qodef-shortcode qodef-m  qodef-section-title qodef-alignment--left  \">\n\t\t\t<h3 class=\"qodef-m-title\" >\n\t\t\t\t\tWerden Sie Teil unseres Teams\t\t\t<\/h3>\n\t\t<div class=\"qodef-m-section-text\" style=\"margin-top: 19px\"><p>Wenn Sie bereit sind, sich auf eine Reise zu begeben, auf der Ihre Beitr\u00e4ge gesch\u00e4tzt werden und Ihre berufliche Entwicklung gef\u00f6rdert wird, m\u00f6chten wir von Ihnen h\u00f6ren<\/p><\/div>\n\t\t<\/div>\n\t\t\t\t<\/div>\n\t\t\t\t<\/div>\n\t\t\t\t\t<\/div>\n\t\t<\/div>\n\t\t\t\t<div class=\"elementor-column elementor-col-50 elementor-inner-column elementor-element elementor-element-cfef366 qodef-gradient-background-column--no\" data-id=\"cfef366\" data-element_type=\"column\" data-e-type=\"column\">\n\t\t\t<div class=\"elementor-widget-wrap elementor-element-populated\">\n\t\t\t\t\t\t<div class=\"elementor-element elementor-element-52558a1 elementor-widget elementor-widget-html\" data-id=\"52558a1\" data-element_type=\"widget\" data-e-type=\"widget\" data-widget_type=\"html.default\">\n\t\t\t\t<div class=\"elementor-widget-container\">\n\t\t\t\t\t<a href=\"https:\/\/inbai-consulting.com\/?page_id=2876\" class=\"qodef-circle-button\">\r\n<svg xmlns=\"http:\/\/www.w3.org\/2000\/svg\" xmlns:xlink=\"http:\/\/www.w3.org\/1999\/xlink\" x=\"0px\" y=\"0px\" width=\"90px\" height=\"90px\" viewBox=\"0 0 90 90\" enable-background=\"new 0 0 90 90\" xml:space=\"preserve\">\r\n<circle fill=\"none\" stroke=\"#C3C4F9\" stroke-width=\"2\" stroke-miterlimit=\"10\" cx=\"45.567\" cy=\"44.925\" r=\"42\"><\/circle>\r\n<g>\r\n\t<path d=\"M51.662,45.394L40.958,56.019l-1.016-0.938l10.235-10.156L40.021,34.769l0.938-0.938l10.704,10.625V45.394z\"><\/path>\r\n<\/g>\r\n<\/svg>\r\n<\/a>\t\t\t\t<\/div>\n\t\t\t\t<\/div>\n\t\t\t\t\t<\/div>\n\t\t<\/div>\n\t\t\t\t\t<\/div>\n\t\t<\/section>\n\t\t\t\t\t<\/div>\n\t\t<\/div>\n\t\t\t\t<div class=\"elementor-column elementor-col-50 elementor-top-column elementor-element elementor-element-9d38f4d qodef-gradient-background-column--no\" data-id=\"9d38f4d\" data-element_type=\"column\" data-e-type=\"column\" data-settings=\"{&quot;background_background&quot;:&quot;classic&quot;}\">\n\t\t\t<div class=\"elementor-widget-wrap elementor-element-populated\">\n\t\t\t\t\t\t<section class=\"elementor-section elementor-inner-section elementor-element elementor-element-4c47fdd elementor-section-boxed elementor-section-height-default elementor-section-height-default qodef-elementor-content-no\" data-id=\"4c47fdd\" data-element_type=\"section\" data-e-type=\"section\">\n\t\t\t\t\t\t<div class=\"elementor-container elementor-column-gap-default\">\n\t\t\t\t\t<div class=\"elementor-column elementor-col-50 elementor-inner-column elementor-element elementor-element-1eeb5d6 qodef-gradient-background-column--no\" data-id=\"1eeb5d6\" data-element_type=\"column\" data-e-type=\"column\">\n\t\t\t<div class=\"elementor-widget-wrap elementor-element-populated\">\n\t\t\t\t\t\t<div class=\"elementor-element elementor-element-a9bc4db elementor-widget elementor-widget-deon_core_section_title\" data-id=\"a9bc4db\" data-element_type=\"widget\" data-e-type=\"widget\" data-widget_type=\"deon_core_section_title.default\">\n\t\t\t\t<div class=\"elementor-widget-container\">\n\t\t\t\t\t<div class=\"qodef-shortcode qodef-m  qodef-section-title qodef-alignment--left  \">\n\t\t\t<h3 class=\"qodef-m-title\" >\n\t\t\t\t\tUnser Newsletter\t\t\t<\/h3>\n\t\t<div class=\"qodef-m-section-text\" style=\"margin-top: 19px\"><p>Bei Inbai ist jedes Teammitglied ein Aush\u00e4ngeschild f\u00fcr unsere Grundwerte und verk\u00f6rpert eine Kultur, in der Software nicht einfach nur programmiert, sondern mit Leidenschaft, Integrit\u00e4t und einem unerm\u00fcdlichen Streben nach Spitzenleistungen entwickelt wird.<\/p><\/div>\n\t\t<\/div>\n\t\t\t\t<\/div>\n\t\t\t\t<\/div>\n\t\t\t\t\t<\/div>\n\t\t<\/div>\n\t\t\t\t<div class=\"elementor-column elementor-col-50 elementor-inner-column elementor-element elementor-element-0180286 qodef-gradient-background-column--no\" data-id=\"0180286\" data-element_type=\"column\" data-e-type=\"column\">\n\t\t\t<div class=\"elementor-widget-wrap elementor-element-populated\">\n\t\t\t\t\t\t<div class=\"elementor-element elementor-element-7d1982d elementor-widget elementor-widget-html\" data-id=\"7d1982d\" data-element_type=\"widget\" data-e-type=\"widget\" data-widget_type=\"html.default\">\n\t\t\t\t<div class=\"elementor-widget-container\">\n\t\t\t\t\t<a href=\"https:\/\/inbai-consulting.com\/?page_id=3017\" class=\"qodef-circle-button\">\r\n<svg xmlns=\"http:\/\/www.w3.org\/2000\/svg\" xmlns:xlink=\"http:\/\/www.w3.org\/1999\/xlink\" x=\"0px\" y=\"0px\" width=\"90px\" height=\"90px\" viewBox=\"0 0 90 90\" enable-background=\"new 0 0 90 90\" xml:space=\"preserve\">\r\n<circle fill=\"none\" stroke=\"#C3C4F9\" stroke-width=\"2\" stroke-miterlimit=\"10\" cx=\"45.567\" cy=\"44.925\" r=\"42\"><\/circle>\r\n<g>\r\n\t<path d=\"M51.662,45.394L40.958,56.019l-1.016-0.938l10.235-10.156L40.021,34.769l0.938-0.938l10.704,10.625V45.394z\"><\/path>\r\n<\/g>\r\n<\/svg>\r\n<\/a>\t\t\t\t<\/div>\n\t\t\t\t<\/div>\n\t\t\t\t\t<\/div>\n\t\t<\/div>\n\t\t\t\t\t<\/div>\n\t\t<\/section>\n\t\t\t\t\t<\/div>\n\t\t<\/div>\n\t\t\t\t\t<\/div>\n\t\t<\/section>\n\t\t\t\t<\/div>\n\t\t","protected":false},"excerpt":{"rendered":"<p>LinkedIn Sorosch Adamiat Managing Director Nazanin Tafawogh Client Manager Rui Rebelo Brito Partner | Fullstack Developer Burcu Yalcin Human Resources Navneet Shankar Gaunpot Devops Werden Sie Mitglied in unserem Team von Innovatoren Kontakt Werden Sie Teil unseres Teams Wenn Sie bereit sind, sich auf eine Reise zu begeben, auf der Ihre Beitr\u00e4ge gesch\u00e4tzt werden und [&hellip;]<\/p>\n","protected":false},"author":1,"featured_media":0,"parent":0,"menu_order":0,"comment_status":"closed","ping_status":"closed","template":"page-full-width.php","meta":{"footnotes":""},"class_list":["post-4482","page","type-page","status-publish","hentry"],"aioseo_notices":[],"_links":{"self":[{"href":"https:\/\/inbai-consulting.com\/index.php?rest_route=\/wp\/v2\/pages\/4482","targetHints":{"allow":["GET"]}}],"collection":[{"href":"https:\/\/inbai-consulting.com\/index.php?rest_route=\/wp\/v2\/pages"}],"about":[{"href":"https:\/\/inbai-consulting.com\/index.php?rest_route=\/wp\/v2\/types\/page"}],"author":[{"embeddable":true,"href":"https:\/\/inbai-consulting.com\/index.php?rest_route=\/wp\/v2\/users\/1"}],"replies":[{"embeddable":true,"href":"https:\/\/inbai-consulting.com\/index.php?rest_route=%2Fwp%2Fv2%2Fcomments&post=4482"}],"version-history":[{"count":27,"href":"https:\/\/inbai-consulting.com\/index.php?rest_route=\/wp\/v2\/pages\/4482\/revisions"}],"predecessor-version":[{"id":12248,"href":"https:\/\/inbai-consulting.com\/index.php?rest_route=\/wp\/v2\/pages\/4482\/revisions\/12248"}],"wp:attachment":[{"href":"https:\/\/inbai-consulting.com\/index.php?rest_route=%2Fwp%2Fv2%2Fmedia&parent=4482"}],"curies":[{"name":"wp","href":"https:\/\/api.w.org\/{rel}","templated":true}]}}